{"id":11471,"date":"2024-09-06T07:47:06","date_gmt":"2024-09-06T05:47:06","guid":{"rendered":"https:\/\/nancyhaywood.com\/?page_id=11471"},"modified":"2025-04-11T20:13:33","modified_gmt":"2025-04-11T18:13:33","slug":"online-singkreis","status":"publish","type":"page","link":"https:\/\/nancyhaywood.com\/en\/online-singkreis\/","title":{"rendered":"Online Singkreis"},"content":{"rendered":"<div data-elementor-type=\"wp-page\" data-elementor-id=\"11471\" class=\"elementor elementor-11471\">\n\t\t\t\t\t\t<section class=\"elementor-section elementor-top-section elementor-element elementor-element-37b5a4e elementor-section-full_width elementor-section-height-default elementor-section-height-default\" data-id=\"37b5a4e\" data-element_type=\"section\" data-e-type=\"section\" data-settings=\"{&quot;background_background&quot;:&quot;classic&quot;}\">\n\t\t\t\t\t\t<div class=\"elementor-container elementor-column-gap-default\">\n\t\t\t\t\t<div class=\"elementor-column elementor-col-100 elementor-top-column elementor-element elementor-element-a1c792f\" data-id=\"a1c792f\" data-element_type=\"column\" data-e-type=\"column\">\n\t\t\t<div class=\"elementor-widget-wrap elementor-element-populated\">\n\t\t\t\t\t\t<div class=\"elementor-element elementor-element-d828f2b elementor-widget elementor-widget-spacer\" data-id=\"d828f2b\" data-element_type=\"widget\" data-e-type=\"widget\" data-widget_type=\"spacer.default\">\n\t\t\t\t<div class=\"elementor-widget-container\">\n\t\t\t\t\t\t\t<div class=\"elementor-spacer\">\n\t\t\t<div class=\"elementor-spacer-inner\"><\/div>\n\t\t<\/div>\n\t\t\t\t\t\t<\/div>\n\t\t\t\t<\/div>\n\t\t\t\t<div class=\"elementor-element elementor-element-c2f0cf6 elementor-widget elementor-widget-spacer\" data-id=\"c2f0cf6\" data-element_type=\"widget\" data-e-type=\"widget\" data-widget_type=\"spacer.default\">\n\t\t\t\t<div class=\"elementor-widget-container\">\n\t\t\t\t\t\t\t<div class=\"elementor-spacer\">\n\t\t\t<div class=\"elementor-spacer-inner\"><\/div>\n\t\t<\/div>\n\t\t\t\t\t\t<\/div>\n\t\t\t\t<\/div>\n\t\t\t\t<div class=\"elementor-element elementor-element-bd88a44 elementor-widget elementor-widget-text-editor\" data-id=\"bd88a44\" data-element_type=\"widget\" data-e-type=\"widget\" data-widget_type=\"text-editor.default\">\n\t\t\t\t<div class=\"elementor-widget-container\">\n\t\t\t\t\t\t\t\t\t<p>Learning mantras and spiritual songs on the guitar, singing for healing, bhakti &amp; medicine music from the heart<\/p>\t\t\t\t\t\t\t\t<\/div>\n\t\t\t\t<\/div>\n\t\t\t\t\t<\/div>\n\t\t<\/div>\n\t\t\t\t\t<\/div>\n\t\t<\/section>\n\t\t\t\t<section class=\"elementor-section elementor-top-section elementor-element elementor-element-17544a7 elementor-section-boxed elementor-section-height-default elementor-section-height-default\" data-id=\"17544a7\" data-element_type=\"section\" data-e-type=\"section\">\n\t\t\t\t\t\t<div class=\"elementor-container elementor-column-gap-default\">\n\t\t\t\t\t<div class=\"elementor-column elementor-col-100 elementor-top-column elementor-element elementor-element-f983b93\" data-id=\"f983b93\" data-element_type=\"column\" data-e-type=\"column\">\n\t\t\t<div class=\"elementor-widget-wrap elementor-element-populated\">\n\t\t\t\t\t\t<div class=\"elementor-element elementor-element-a5483e9 elementor-widget elementor-widget-spacer\" data-id=\"a5483e9\" data-element_type=\"widget\" data-e-type=\"widget\" data-widget_type=\"spacer.default\">\n\t\t\t\t<div class=\"elementor-widget-container\">\n\t\t\t\t\t\t\t<div class=\"elementor-spacer\">\n\t\t\t<div class=\"elementor-spacer-inner\"><\/div>\n\t\t<\/div>\n\t\t\t\t\t\t<\/div>\n\t\t\t\t<\/div>\n\t\t\t\t\t<\/div>\n\t\t<\/div>\n\t\t\t\t\t<\/div>\n\t\t<\/section>\n\t\t\t\t<section class=\"elementor-section elementor-top-section elementor-element elementor-element-3c202d3 elementor-section-boxed elementor-section-height-default elementor-section-height-default\" data-id=\"3c202d3\" data-element_type=\"section\" data-e-type=\"section\">\n\t\t\t\t\t\t<div class=\"elementor-container elementor-column-gap-default\">\n\t\t\t\t\t<div class=\"elementor-column elementor-col-100 elementor-top-column elementor-element elementor-element-a1e293b\" data-id=\"a1e293b\" data-element_type=\"column\" data-e-type=\"column\">\n\t\t\t<div class=\"elementor-widget-wrap elementor-element-populated\">\n\t\t\t\t\t\t<div class=\"elementor-element elementor-element-cc88ccd elementor-widget elementor-widget-heading\" data-id=\"cc88ccd\" data-element_type=\"widget\" data-e-type=\"widget\" data-widget_type=\"heading.default\">\n\t\t\t\t<div class=\"elementor-widget-container\">\n\t\t\t\t\t<h2 class=\"elementor-heading-title elementor-size-default\">Online Singkreis Medicine Songs und Mantren<\/h2>\t\t\t\t<\/div>\n\t\t\t\t<\/div>\n\t\t\t\t<div class=\"elementor-element elementor-element-df41361 elementor-widget elementor-widget-heading\" data-id=\"df41361\" data-element_type=\"widget\" data-e-type=\"widget\" data-widget_type=\"heading.default\">\n\t\t\t\t<div class=\"elementor-widget-container\">\n\t\t\t\t\t<h2 class=\"elementor-heading-title elementor-size-default\">Ab 4 Anmeldungen findet der Singkreis statt, bitte melde dich deshalb bis sp\u00e4testens 18.04. an wenn du dabei sein magst.<\/h2>\t\t\t\t<\/div>\n\t\t\t\t<\/div>\n\t\t\t\t<div class=\"elementor-element elementor-element-1825120 elementor-widget elementor-widget-heading\" data-id=\"1825120\" data-element_type=\"widget\" data-e-type=\"widget\" data-widget_type=\"heading.default\">\n\t\t\t\t<div class=\"elementor-widget-container\">\n\t\t\t\t\t<h2 class=\"elementor-heading-title elementor-size-default\">20. April 19.00 - 20.30 Uhr<\/h2>\t\t\t\t<\/div>\n\t\t\t\t<\/div>\n\t\t\t\t<div class=\"elementor-element elementor-element-a06845f elementor-widget elementor-widget-spacer\" data-id=\"a06845f\" data-element_type=\"widget\" data-e-type=\"widget\" data-widget_type=\"spacer.default\">\n\t\t\t\t<div class=\"elementor-widget-container\">\n\t\t\t\t\t\t\t<div class=\"elementor-spacer\">\n\t\t\t<div class=\"elementor-spacer-inner\"><\/div>\n\t\t<\/div>\n\t\t\t\t\t\t<\/div>\n\t\t\t\t<\/div>\n\t\t\t\t\t<\/div>\n\t\t<\/div>\n\t\t\t\t\t<\/div>\n\t\t<\/section>\n\t\t\t\t<section class=\"elementor-section elementor-top-section elementor-element elementor-element-71c6f9b elementor-section-boxed elementor-section-height-default elementor-section-height-default\" data-id=\"71c6f9b\" data-element_type=\"section\" data-e-type=\"section\">\n\t\t\t\t\t\t<div class=\"elementor-container elementor-column-gap-default\">\n\t\t\t\t\t<div class=\"elementor-column elementor-col-100 elementor-top-column elementor-element elementor-element-599e7ba\" data-id=\"599e7ba\" data-element_type=\"column\" data-e-type=\"column\">\n\t\t\t<div class=\"elementor-widget-wrap elementor-element-populated\">\n\t\t\t\t\t\t<div class=\"elementor-element elementor-element-e6a5a50 elementor-widget elementor-widget-text-editor\" data-id=\"e6a5a50\" data-element_type=\"widget\" data-e-type=\"widget\" data-widget_type=\"text-editor.default\">\n\t\t\t\t<div class=\"elementor-widget-container\">\n\t\t\t\t\t\t\t\t\t<p>Ich lade dich herzlich zu meinem <strong>Online Singkreis<\/strong> ein, bei dem wir gemeinsam <strong>Medicine Songs und kraftvolle Mantren<\/strong> singen. Lass uns durch die heilsame <strong>Kraft der Musik<\/strong> miteinander verbinden, unsere Herzen \u00f6ffnen und positive Energie in die Welt senden.<\/p><p>Der Singkreis ist offen f\u00fcr alle, egal ob Anf\u00e4nger oder erfahrene S\u00e4nger. Alles, was du brauchst, ist deine Stimme und die Freude am gemeinsamen Singen! Schnapp dir auch gern deine Trommel oder deinen Shaker und musiziere mit mir \ud83d\ude00<\/p><p>Die Teilnahme erfolgt auf <strong>Energieausgleich<\/strong> \u2013 gib, was sich f\u00fcr dich stimmig anf\u00fchlt.<\/p><p>Richtwert: 10 &#8211; 20 Euro<\/p><p>Einfach per Paypal als Freund an: <a href=\"https:\/\/www.paypal.com\/paypalme\/nancyhaywoodmusic\"><b>PayPal.Me\/nancyhaywoodmusic<\/b><\/a> oder per \u00dcberweisung: Nancy Haywood, DKB Bank, IBAN: DE 18 1203 0000 1004 5370 47<\/p><p>Die Veranstaltung findet Online \u00fcber Zoom statt. Du singst ganz entspannt mit ausgeschaltetem Mikrofon mit mir zusammen \ud83d\ude0d<\/p><p>Da ich die Lieder an dem Tag immer <strong>intuitiv <\/strong>w\u00e4hle, sende ich dir entweder kurz vor dem Singkreis das Klangmen\u00fc \ud83c\udfb5 per E-Mail f\u00fcr den Abend zu, oder ich schreib es in den Chat \u2661<\/p><p>Anmelden kannst du dich hier: <strong>info@nancyhaywood.com<\/strong><\/p><p>Bitte teile die Veranstaltung und lade deine Freunde ein \u2013 je mehr wir sind, desto sch\u00f6ner wird es! <span class=\"Apple-converted-space\">\u00a0<\/span><\/p><p>Bis sp\u00e4ter, ich freu mich auf dich!<\/p><p>Deine Nancy \ud83d\udc63\ud83e\uddda\ud83c\udf3f<\/p>\t\t\t\t\t\t\t\t<\/div>\n\t\t\t\t<\/div>\n\t\t\t\t\t<\/div>\n\t\t<\/div>\n\t\t\t\t\t<\/div>\n\t\t<\/section>\n\t\t\t\t<section class=\"elementor-section elementor-top-section elementor-element elementor-element-0c5311e elementor-section-boxed elementor-section-height-default elementor-section-height-default\" data-id=\"0c5311e\" data-element_type=\"section\" data-e-type=\"section\">\n\t\t\t\t\t\t<div class=\"elementor-container elementor-column-gap-default\">\n\t\t\t\t\t<div class=\"elementor-column elementor-col-100 elementor-top-column elementor-element elementor-element-967d41e\" data-id=\"967d41e\" data-element_type=\"column\" data-e-type=\"column\">\n\t\t\t<div class=\"elementor-widget-wrap\">\n\t\t\t\t\t\t\t<\/div>\n\t\t<\/div>\n\t\t\t\t\t<\/div>\n\t\t<\/section>\n\t\t\t\t<\/div>","protected":false},"excerpt":{"rendered":"<p>Mantras und spirituelle Lieder auf Gitarre lernen, Heilsames singen, Bhakti &amp; Medicine Music from the heart Online Singkreis Medicine Songs und Mantren Ab 4 Anmeldungen findet der Singkreis statt, bitte melde dich deshalb bis sp\u00e4testens 18.04. an wenn du dabei sein magst. 20. April 19.00 &#8211; 20.30 Uhr Ich lade dich herzlich zu meinem Online [&hellip;]<\/p>\n","protected":false},"author":1,"featured_media":0,"parent":0,"menu_order":0,"comment_status":"closed","ping_status":"closed","template":"","meta":{"give_campaign_id":0,"footnotes":""},"class_list":["post-11471","page","type-page","status-publish","hentry","entry","owp-thumbs-layout-horizontal","owp-btn-normal","owp-tabs-layout-section","has-no-thumbnails","has-product-nav"],"yoast_head":"<!-- This site is optimized with the Yoast SEO plugin v27.5 - https:\/\/yoast.com\/product\/yoast-seo-wordpress\/ -->\n<title>Online Singkreis - nancyhaywood.com<\/title>\n<meta name=\"robots\" content=\"index, follow, max-snippet:-1, max-image-preview:large, max-video-preview:-1\" \/>\n<link rel=\"canonical\" href=\"https:\/\/nancyhaywood.com\/en\/online-singkreis\/\" \/>\n<meta property=\"og:locale\" content=\"en_GB\" \/>\n<meta property=\"og:type\" content=\"article\" \/>\n<meta property=\"og:title\" content=\"Online Singkreis - nancyhaywood.com\" \/>\n<meta property=\"og:description\" content=\"Mantras und spirituelle Lieder auf Gitarre lernen, Heilsames singen, Bhakti &amp; Medicine Music from the heart Online Singkreis Medicine Songs und Mantren Ab 4 Anmeldungen findet der Singkreis statt, bitte melde dich deshalb bis sp\u00e4testens 18.04. an wenn du dabei sein magst. 20. April 19.00 &#8211; 20.30 Uhr Ich lade dich herzlich zu meinem Online [&hellip;]\" \/>\n<meta property=\"og:url\" content=\"https:\/\/nancyhaywood.com\/en\/online-singkreis\/\" \/>\n<meta property=\"og:site_name\" content=\"nancyhaywood.com\" \/>\n<meta property=\"article:modified_time\" content=\"2025-04-11T18:13:33+00:00\" \/>\n<meta name=\"twitter:card\" content=\"summary_large_image\" \/>\n<meta name=\"twitter:label1\" content=\"Estimated reading time\" \/>\n\t<meta name=\"twitter:data1\" content=\"2 minutes\" \/>\n<script type=\"application\/ld+json\" class=\"yoast-schema-graph\">{\"@context\":\"https:\\\/\\\/schema.org\",\"@graph\":[{\"@type\":\"WebPage\",\"@id\":\"https:\\\/\\\/nancyhaywood.com\\\/online-singkreis\\\/\",\"url\":\"https:\\\/\\\/nancyhaywood.com\\\/online-singkreis\\\/\",\"name\":\"Online Singkreis - nancyhaywood.com\",\"isPartOf\":{\"@id\":\"https:\\\/\\\/nancyhaywood.com\\\/#website\"},\"datePublished\":\"2024-09-06T05:47:06+00:00\",\"dateModified\":\"2025-04-11T18:13:33+00:00\",\"breadcrumb\":{\"@id\":\"https:\\\/\\\/nancyhaywood.com\\\/online-singkreis\\\/#breadcrumb\"},\"inLanguage\":\"en-GB\",\"potentialAction\":[{\"@type\":\"ReadAction\",\"target\":[\"https:\\\/\\\/nancyhaywood.com\\\/online-singkreis\\\/\"]}]},{\"@type\":\"BreadcrumbList\",\"@id\":\"https:\\\/\\\/nancyhaywood.com\\\/online-singkreis\\\/#breadcrumb\",\"itemListElement\":[{\"@type\":\"ListItem\",\"position\":1,\"name\":\"Startseite\",\"item\":\"https:\\\/\\\/nancyhaywood.com\\\/\"},{\"@type\":\"ListItem\",\"position\":2,\"name\":\"Online Singkreis\"}]},{\"@type\":\"WebSite\",\"@id\":\"https:\\\/\\\/nancyhaywood.com\\\/#website\",\"url\":\"https:\\\/\\\/nancyhaywood.com\\\/\",\"name\":\"nancyhaywood.com\",\"description\":\"Mantras und spirituelle Lieder auf Gitarre lernen,  Musik von Herz zu Herz\",\"potentialAction\":[{\"@type\":\"SearchAction\",\"target\":{\"@type\":\"EntryPoint\",\"urlTemplate\":\"https:\\\/\\\/nancyhaywood.com\\\/?s={search_term_string}\"},\"query-input\":{\"@type\":\"PropertyValueSpecification\",\"valueRequired\":true,\"valueName\":\"search_term_string\"}}],\"inLanguage\":\"en-GB\"}]}<\/script>\n<!-- \/ Yoast SEO plugin. -->","yoast_head_json":{"title":"Online Singkreis - nancyhaywood.com","robots":{"index":"index","follow":"follow","max-snippet":"max-snippet:-1","max-image-preview":"max-image-preview:large","max-video-preview":"max-video-preview:-1"},"canonical":"https:\/\/nancyhaywood.com\/en\/online-singkreis\/","og_locale":"en_GB","og_type":"article","og_title":"Online Singkreis - nancyhaywood.com","og_description":"Mantras und spirituelle Lieder auf Gitarre lernen, Heilsames singen, Bhakti &amp; Medicine Music from the heart Online Singkreis Medicine Songs und Mantren Ab 4 Anmeldungen findet der Singkreis statt, bitte melde dich deshalb bis sp\u00e4testens 18.04. an wenn du dabei sein magst. 20. April 19.00 &#8211; 20.30 Uhr Ich lade dich herzlich zu meinem Online [&hellip;]","og_url":"https:\/\/nancyhaywood.com\/en\/online-singkreis\/","og_site_name":"nancyhaywood.com","article_modified_time":"2025-04-11T18:13:33+00:00","twitter_card":"summary_large_image","twitter_misc":{"Estimated reading time":"2 minutes"},"schema":{"@context":"https:\/\/schema.org","@graph":[{"@type":"WebPage","@id":"https:\/\/nancyhaywood.com\/online-singkreis\/","url":"https:\/\/nancyhaywood.com\/online-singkreis\/","name":"Online Singkreis - nancyhaywood.com","isPartOf":{"@id":"https:\/\/nancyhaywood.com\/#website"},"datePublished":"2024-09-06T05:47:06+00:00","dateModified":"2025-04-11T18:13:33+00:00","breadcrumb":{"@id":"https:\/\/nancyhaywood.com\/online-singkreis\/#breadcrumb"},"inLanguage":"en-GB","potentialAction":[{"@type":"ReadAction","target":["https:\/\/nancyhaywood.com\/online-singkreis\/"]}]},{"@type":"BreadcrumbList","@id":"https:\/\/nancyhaywood.com\/online-singkreis\/#breadcrumb","itemListElement":[{"@type":"ListItem","position":1,"name":"Startseite","item":"https:\/\/nancyhaywood.com\/"},{"@type":"ListItem","position":2,"name":"Online Singkreis"}]},{"@type":"WebSite","@id":"https:\/\/nancyhaywood.com\/#website","url":"https:\/\/nancyhaywood.com\/","name":"nancyhaywood.com","description":"Mantras und spirituelle Lieder auf Gitarre lernen,  Musik von Herz zu Herz","potentialAction":[{"@type":"SearchAction","target":{"@type":"EntryPoint","urlTemplate":"https:\/\/nancyhaywood.com\/?s={search_term_string}"},"query-input":{"@type":"PropertyValueSpecification","valueRequired":true,"valueName":"search_term_string"}}],"inLanguage":"en-GB"}]}},"campaignId":"","_links":{"self":[{"href":"https:\/\/nancyhaywood.com\/en\/wp-json\/wp\/v2\/pages\/11471","targetHints":{"allow":["GET"]}}],"collection":[{"href":"https:\/\/nancyhaywood.com\/en\/wp-json\/wp\/v2\/pages"}],"about":[{"href":"https:\/\/nancyhaywood.com\/en\/wp-json\/wp\/v2\/types\/page"}],"author":[{"embeddable":true,"href":"https:\/\/nancyhaywood.com\/en\/wp-json\/wp\/v2\/users\/1"}],"replies":[{"embeddable":true,"href":"https:\/\/nancyhaywood.com\/en\/wp-json\/wp\/v2\/comments?post=11471"}],"version-history":[{"count":0,"href":"https:\/\/nancyhaywood.com\/en\/wp-json\/wp\/v2\/pages\/11471\/revisions"}],"wp:attachment":[{"href":"https:\/\/nancyhaywood.com\/en\/wp-json\/wp\/v2\/media?parent=11471"}],"curies":[{"name":"wp","href":"https:\/\/api.w.org\/{rel}","templated":true}]}}