{"id":14242,"date":"2025-03-25T11:38:04","date_gmt":"2025-03-25T10:38:04","guid":{"rendered":"https:\/\/nancyhaywood.com\/?page_id=14242"},"modified":"2025-07-23T13:31:22","modified_gmt":"2025-07-23T11:31:22","slug":"voices-of-the-earth","status":"publish","type":"page","link":"https:\/\/nancyhaywood.com\/en\/voices-of-the-earth\/","title":{"rendered":"voices of the earth"},"content":{"rendered":"<div data-elementor-type=\"wp-page\" data-elementor-id=\"14242\" class=\"elementor elementor-14242\">\n\t\t\t\t\t\t<section class=\"elementor-section elementor-top-section elementor-element elementor-element-a839bb9 elementor-section-boxed elementor-section-height-default elementor-section-height-default\" data-id=\"a839bb9\" data-element_type=\"section\" data-e-type=\"section\">\n\t\t\t\t\t\t<div class=\"elementor-container elementor-column-gap-default\">\n\t\t\t\t\t<div class=\"elementor-column elementor-col-100 elementor-top-column elementor-element elementor-element-4ae89625\" data-id=\"4ae89625\" data-element_type=\"column\" data-e-type=\"column\">\n\t\t\t<div class=\"elementor-widget-wrap\">\n\t\t\t\t\t\t\t<\/div>\n\t\t<\/div>\n\t\t\t\t\t<\/div>\n\t\t<\/section>\n\t\t\t\t<section class=\"elementor-section elementor-top-section elementor-element elementor-element-189be6d9 elementor-section-boxed elementor-section-height-default elementor-section-height-default\" data-id=\"189be6d9\" data-element_type=\"section\" data-e-type=\"section\">\n\t\t\t\t\t\t<div class=\"elementor-container elementor-column-gap-default\">\n\t\t\t\t\t<div class=\"elementor-column elementor-col-100 elementor-top-column elementor-element elementor-element-40beedc0\" data-id=\"40beedc0\" data-element_type=\"column\" data-e-type=\"column\">\n\t\t\t<div class=\"elementor-widget-wrap elementor-element-populated\">\n\t\t\t\t\t\t<div class=\"elementor-element elementor-element-66abe9c3 elementor-widget elementor-widget-image\" data-id=\"66abe9c3\" data-element_type=\"widget\" data-e-type=\"widget\" data-widget_type=\"image.default\">\n\t\t\t\t<div class=\"elementor-widget-container\">\n\t\t\t\t\t\t\t\t\t\t\t\t\t\t\t<img fetchpriority=\"high\" decoding=\"async\" width=\"543\" height=\"405\" src=\"https:\/\/nancyhaywood.com\/wp-content\/uploads\/2025\/03\/IMG_1746.jpg\" class=\"attachment-large size-large wp-image-14244\" alt=\"\" srcset=\"https:\/\/nancyhaywood.com\/wp-content\/uploads\/2025\/03\/IMG_1746.jpg 543w, https:\/\/nancyhaywood.com\/wp-content\/uploads\/2025\/03\/IMG_1746-300x224.jpg 300w, https:\/\/nancyhaywood.com\/wp-content\/uploads\/2025\/03\/IMG_1746-16x12.jpg 16w\" sizes=\"(max-width: 543px) 100vw, 543px\" \/>\t\t\t\t\t\t\t\t\t\t\t\t\t\t\t<\/div>\n\t\t\t\t<\/div>\n\t\t\t\t\t<\/div>\n\t\t<\/div>\n\t\t\t\t\t<\/div>\n\t\t<\/section>\n\t\t\t\t<section class=\"elementor-section elementor-top-section elementor-element elementor-element-8007d55 elementor-section-boxed elementor-section-height-default elementor-section-height-default\" data-id=\"8007d55\" data-element_type=\"section\" data-e-type=\"section\">\n\t\t\t\t\t\t<div class=\"elementor-container elementor-column-gap-default\">\n\t\t\t\t\t<div class=\"elementor-column elementor-col-100 elementor-top-column elementor-element elementor-element-73e322d4\" data-id=\"73e322d4\" data-element_type=\"column\" data-e-type=\"column\">\n\t\t\t<div class=\"elementor-widget-wrap elementor-element-populated\">\n\t\t\t\t\t\t<div class=\"elementor-element elementor-element-592aaf31 elementor-widget elementor-widget-spacer\" data-id=\"592aaf31\" data-element_type=\"widget\" data-e-type=\"widget\" data-widget_type=\"spacer.default\">\n\t\t\t\t<div class=\"elementor-widget-container\">\n\t\t\t\t\t\t\t<div class=\"elementor-spacer\">\n\t\t\t<div class=\"elementor-spacer-inner\"><\/div>\n\t\t<\/div>\n\t\t\t\t\t\t<\/div>\n\t\t\t\t<\/div>\n\t\t\t\t<div class=\"elementor-element elementor-element-3169804 elementor-widget elementor-widget-heading\" data-id=\"3169804\" data-element_type=\"widget\" data-e-type=\"widget\" data-widget_type=\"heading.default\">\n\t\t\t\t<div class=\"elementor-widget-container\">\n\t\t\t\t\t<h2 class=\"elementor-heading-title elementor-size-default\">VOICES of the EARTH \ud83e\udeb6  \u2013 Warteliste f\u00fcr Oktober 2025<\/h2>\t\t\t\t<\/div>\n\t\t\t\t<\/div>\n\t\t\t\t\t<\/div>\n\t\t<\/div>\n\t\t\t\t\t<\/div>\n\t\t<\/section>\n\t\t\t\t<section class=\"elementor-section elementor-top-section elementor-element elementor-element-6fc5d2e4 elementor-section-boxed elementor-section-height-default elementor-section-height-default\" data-id=\"6fc5d2e4\" data-element_type=\"section\" data-e-type=\"section\">\n\t\t\t\t\t\t<div class=\"elementor-container elementor-column-gap-default\">\n\t\t\t\t\t<div class=\"elementor-column elementor-col-100 elementor-top-column elementor-element elementor-element-4bcebe54\" data-id=\"4bcebe54\" data-element_type=\"column\" data-e-type=\"column\">\n\t\t\t<div class=\"elementor-widget-wrap elementor-element-populated\">\n\t\t\t\t\t\t<div class=\"elementor-element elementor-element-8f583ae elementor-widget elementor-widget-heading\" data-id=\"8f583ae\" data-element_type=\"widget\" data-e-type=\"widget\" data-widget_type=\"heading.default\">\n\t\t\t\t<div class=\"elementor-widget-container\">\n\t\t\t\t\t<h2 class=\"elementor-heading-title elementor-size-default\">Cantos de la Tierra<\/h2>\t\t\t\t<\/div>\n\t\t\t\t<\/div>\n\t\t\t\t<div class=\"elementor-element elementor-element-2db4318 elementor-widget elementor-widget-spacer\" data-id=\"2db4318\" data-element_type=\"widget\" data-e-type=\"widget\" data-widget_type=\"spacer.default\">\n\t\t\t\t<div class=\"elementor-widget-container\">\n\t\t\t\t\t\t\t<div class=\"elementor-spacer\">\n\t\t\t<div class=\"elementor-spacer-inner\"><\/div>\n\t\t<\/div>\n\t\t\t\t\t\t<\/div>\n\t\t\t\t<\/div>\n\t\t\t\t<div class=\"elementor-element elementor-element-7f68109c elementor-widget elementor-widget-text-editor\" data-id=\"7f68109c\" data-element_type=\"widget\" data-e-type=\"widget\" data-widget_type=\"text-editor.default\">\n\t\t\t\t<div class=\"elementor-widget-container\">\n\t\t\t\t\t\t\t\t\t<p><em>Starte eine ganzj\u00e4hrige Reise mit deiner Stimme und Klangheilung! In der Voices of the Earth Jahresbegleitung lernst du, deine Stimme als heilsames Instrument zu entdecken, Blockaden zu \u00fcberwinden und tief in die Welt des intuitiven Singens und Heilens einzutauchen.<\/em><\/p><p><strong>Voices of the Earth \u2013 Die Medicine Song Jahresbegleitung \/ Jahresgruppe<\/strong><\/p><p>Wenn du auf der Suche nach einer noch tiefer gehenden Reise in die Welt der Medicine Songs bist, lade ich dich ein, Teil der <strong>Voices of the Earth<\/strong> Jahresbegleitung zu werden. Diese Reise beginnt im <strong>Oktober 2025<\/strong> und bietet dir eine 12-monatige Begleitung f\u00fcr eine tiefere Entfaltung deiner Stimme als heilsames Instrument.<\/p><p>In dieser Jahresgruppe wirst du lernen, wie du deine Stimme intuitiv einsetzt, Blockaden l\u00f6st und dich in den heilsamen Klangwelten verschiedener Kulturen ausdr\u00fcckst.<\/p><p>\ud83c\udf3f Die Reise startet im Oktober 2025<\/p><p>\ud83c\udf3f Dauer: 12 Monate<\/p><p>\ud83c\udf3f Monatliche Live-Treffen (90\u2013120 Min) via Zoom<\/p><p>\ud83c\udf3f LIVE Treffen vor Ort<\/p><p>\ud83e\udeb6<b><span class=\"Apple-converted-space\">\u00a0<\/span><\/b><strong>Mehr \u00fcber die Jahresbegleitung erfahren &amp; auf die Warteliste eintragen<\/strong><\/p><p>Diese 12-monatige Reise ist <em>keine klassische Ausbildung<\/em>, sondern ein tiefgehender Prozess, der dich mit der <strong>Kraft von Medicine Songs, Klangheilung und deiner eigenen Stimme<\/strong> verbindet.<\/p><p>In dieser <strong>Jahresbegleitung<\/strong> wirst du lernen, dich durch intuitives Singen auszudr\u00fccken, Blockaden zu l\u00f6sen und deine Stimme als Werkzeug f\u00fcr Heilung zu nutzen. Du wirst entdecken, wie die <strong>Magie der Worte und die Kraft des Klangs<\/strong> dich zu <strong>deiner eigenen inneren Weisheit<\/strong> f\u00fchren.<\/p><p><strong>Was erwartet dich?<\/strong><\/p><p>\ud83e\udeb6 Monatliche Live-Treffen (90\u2013120 Minuten) via Zoom<\/p><p>\ud83e\udeb6 Aufzeichnungen der Sessions und Kursbereich zum Nacharbeiten<\/p><p>\ud83e\udeb6 \u00dcbungen zur Stimme, Heilung und Klang<\/p><p>\ud83e\udeb6 Zus\u00e4tzliche Bonus-Materialien wie Soundfiles und \u00dcbungen<\/p><p>\ud83e\udeb6 Intuitive Sing- und Klang\u00fcbungen<\/p><p>\ud83e\udeb6 Community und Austausch mit Gleichgesinnten<\/p><p>\ud83e\udeb6 Austausch in einer Telegram- oder Facebook-Gruppe<\/p><p>\ud83e\udeb6 Keine musikalische Vorerfahrung notwendig<\/p><p>\ud83e\udeb6 noch vieles mehr!<\/p><p><strong>Die Themen der Jahresbegleitung:<\/strong><\/p><ul><li>Deine Stimme als Medizin<\/li><li>Die Verbindung von Stimme und Weiblichkeit<\/li><li>Heilung durch Klang<\/li><li>Die Magie der Worte und ihre Bedeutung<\/li><li>Intuitives Singen und die Entfaltung deines eigenen Medicine Songs<\/li><li>Klang und Emotionen<\/li><li>Stimme als Ritual und Zeremonie<\/li><li>Die Elemente (Feuer, Wasser, Erde, Luft, \u00c4ther) in deiner Stimme<\/li><li>Dein eigenes Medicine-Lied kreieren und mehr\u2026<\/li><\/ul><p><strong>Wann startet die Reise?<\/strong><\/p><p><em>Du bist bereit, diese Reise zu beginnen, wenn du\u2026<\/em><\/p><ul><li>Die heilende Kraft der Musik und der Stimme erfahren m\u00f6chtest<\/li><li>Deine innere Weisheit und Intuition mit Klang verbinden willst<\/li><li>Dich auf eine tiefgehende, transformative Reise einlassen m\u00f6chtest<\/li><li>Teil einer unterst\u00fctzenden Community werden m\u00f6chtest<\/li><\/ul><p>Setze dich auf die Warteliste und sei als Erstes dabei, wenn die Anmeldung \u00f6ffnet. Du erh\u00e4ltst als Erste alle Infos und ein exklusives <strong>Fr\u00fchbucher-Angebot<\/strong>!<\/p><p><b>Bonus f\u00fcr dich!<\/b><\/p><p><b>Fr\u00fchbucher-Bonus:<\/b><\/p><ul><li>Sonderpreis f\u00fcr direkte Anmeldung f\u00fcr das gesamte Jahr (Fr\u00fchbucher)<\/li><li>Medicine Song Papier Kalender 2025 (solange der Vorrat reicht) &amp; Interaktiver Medicine Song Kalender 2025<\/li><li>Spezielles Kombi Angebot &#8220;<strong><strong>Medicine Song <\/strong><\/strong>\ud83c\udf3f<strong> Gitarren Kurs &amp; VOICES of the EARTH<\/strong><strong>\ud83e\udeb6&#8221;<\/strong><\/li><\/ul><p>\u2728 <strong><a href=\"https:\/\/forms.gle\/ZqG3Z5AYekBq1vtt7\">Hier<\/a> auf die Warteliste eintragen<\/strong><\/p><p>Ich freue mich, diese Reise mit dir zu teilen und gemeinsam mit dir und der Gruppe in die heilsame Kraft des Klangs einzutauchen.<\/p><p><strong>Preismodell<\/strong><\/p><ul><li>Standardpreis: 1180 \u20ac f\u00fcr das ganze Jahr<\/li><li><p>Fr\u00fchbucher f\u00fcr beide Kurse (Medicine Song + Voices of the Earth)<\/p><\/li><\/ul><p>Du interessierst dich auch f\u00fcr den \u00a0Medicine \ud83c\udf3f Song Gitarren Kurs<strong>\u00a0<\/strong><span class=\"Apple-converted-space\">und m\u00f6chtest gern an beiden teilnehmen? Profitiere auch hier von einem besonderen Kombi Angebot! Mehr dazu bald!<\/span><\/p>\t\t\t\t\t\t\t\t<\/div>\n\t\t\t\t<\/div>\n\t\t\t\t<div class=\"elementor-element elementor-element-27a4c661 elementor-widget elementor-widget-spacer\" data-id=\"27a4c661\" data-element_type=\"widget\" data-e-type=\"widget\" data-widget_type=\"spacer.default\">\n\t\t\t\t<div class=\"elementor-widget-container\">\n\t\t\t\t\t\t\t<div class=\"elementor-spacer\">\n\t\t\t<div class=\"elementor-spacer-inner\"><\/div>\n\t\t<\/div>\n\t\t\t\t\t\t<\/div>\n\t\t\t\t<\/div>\n\t\t\t\t\t<\/div>\n\t\t<\/div>\n\t\t\t\t\t<\/div>\n\t\t<\/section>\n\t\t\t\t<section class=\"elementor-section elementor-top-section elementor-element elementor-element-506e665e elementor-section-boxed elementor-section-height-default elementor-section-height-default\" data-id=\"506e665e\" data-element_type=\"section\" data-e-type=\"section\">\n\t\t\t\t\t\t<div class=\"elementor-container elementor-column-gap-default\">\n\t\t\t\t\t<div class=\"elementor-column elementor-col-100 elementor-top-column elementor-element elementor-element-4c0c5b89\" data-id=\"4c0c5b89\" data-element_type=\"column\" data-e-type=\"column\">\n\t\t\t<div class=\"elementor-widget-wrap elementor-element-populated\">\n\t\t\t\t\t\t<div class=\"elementor-element elementor-element-22e1df4f elementor-align-center elementor-widget elementor-widget-button\" data-id=\"22e1df4f\" data-element_type=\"widget\" data-e-type=\"widget\" data-widget_type=\"button.default\">\n\t\t\t\t<div class=\"elementor-widget-container\">\n\t\t\t\t\t\t\t\t\t<div class=\"elementor-button-wrapper\">\n\t\t\t\t\t<a class=\"elementor-button elementor-button-link elementor-size-sm\" href=\"https:\/\/forms.gle\/ZqG3Z5AYekBq1vtt7\">\n\t\t\t\t\t\t<span class=\"elementor-button-content-wrapper\">\n\t\t\t\t\t\t\t\t\t<span class=\"elementor-button-text\">WARTELISTE VOICES of the EARTH \ud83e\udeb6<\/span>\n\t\t\t\t\t<\/span>\n\t\t\t\t\t<\/a>\n\t\t\t\t<\/div>\n\t\t\t\t\t\t\t\t<\/div>\n\t\t\t\t<\/div>\n\t\t\t\t\t<\/div>\n\t\t<\/div>\n\t\t\t\t\t<\/div>\n\t\t<\/section>\n\t\t\t\t<section class=\"elementor-section elementor-top-section elementor-element elementor-element-7e8a27ae elementor-section-boxed elementor-section-height-default elementor-section-height-default\" data-id=\"7e8a27ae\" data-element_type=\"section\" data-e-type=\"section\">\n\t\t\t\t\t\t<div class=\"elementor-container elementor-column-gap-default\">\n\t\t\t\t\t<div class=\"elementor-column elementor-col-100 elementor-top-column elementor-element elementor-element-77d4f179\" data-id=\"77d4f179\" data-element_type=\"column\" data-e-type=\"column\">\n\t\t\t<div class=\"elementor-widget-wrap elementor-element-populated\">\n\t\t\t\t\t\t<div class=\"elementor-element elementor-element-2a3d9e4f elementor-widget elementor-widget-spacer\" data-id=\"2a3d9e4f\" data-element_type=\"widget\" data-e-type=\"widget\" data-widget_type=\"spacer.default\">\n\t\t\t\t<div class=\"elementor-widget-container\">\n\t\t\t\t\t\t\t<div class=\"elementor-spacer\">\n\t\t\t<div class=\"elementor-spacer-inner\"><\/div>\n\t\t<\/div>\n\t\t\t\t\t\t<\/div>\n\t\t\t\t<\/div>\n\t\t\t\t<div class=\"elementor-element elementor-element-7420b191 elementor-widget elementor-widget-heading\" data-id=\"7420b191\" data-element_type=\"widget\" data-e-type=\"widget\" data-widget_type=\"heading.default\">\n\t\t\t\t<div class=\"elementor-widget-container\">\n\t\t\t\t\t<h2 class=\"elementor-heading-title elementor-size-default\">Ich freue mich auf diese Reise mit dir\u00a0\u2665\ufe0f\nDeine Nancy <\/h2>\t\t\t\t<\/div>\n\t\t\t\t<\/div>\n\t\t\t\t\t<\/div>\n\t\t<\/div>\n\t\t\t\t\t<\/div>\n\t\t<\/section>\n\t\t\t\t<section class=\"elementor-section elementor-top-section elementor-element elementor-element-1bc189a elementor-section-boxed elementor-section-height-default elementor-section-height-default\" data-id=\"1bc189a\" data-element_type=\"section\" data-e-type=\"section\">\n\t\t\t\t\t\t<div class=\"elementor-container elementor-column-gap-default\">\n\t\t\t\t\t<div class=\"elementor-column elementor-col-100 elementor-top-column elementor-element elementor-element-7e2adbce\" data-id=\"7e2adbce\" data-element_type=\"column\" data-e-type=\"column\">\n\t\t\t<div class=\"elementor-widget-wrap elementor-element-populated\">\n\t\t\t\t\t\t<div class=\"elementor-element elementor-element-3bd89463 elementor-widget elementor-widget-image\" data-id=\"3bd89463\" data-element_type=\"widget\" data-e-type=\"widget\" data-widget_type=\"image.default\">\n\t\t\t\t<div class=\"elementor-widget-container\">\n\t\t\t\t\t\t\t\t\t\t\t\t\t\t\t<img decoding=\"async\" width=\"1024\" height=\"716\" src=\"https:\/\/nancyhaywood.com\/wp-content\/uploads\/2023\/12\/DSC00467-2-1024x716.jpg\" class=\"attachment-large size-large wp-image-8131\" alt=\"\" srcset=\"https:\/\/nancyhaywood.com\/wp-content\/uploads\/2023\/12\/DSC00467-2-1024x716.jpg 1024w, https:\/\/nancyhaywood.com\/wp-content\/uploads\/2023\/12\/DSC00467-2-300x210.jpg 300w, https:\/\/nancyhaywood.com\/wp-content\/uploads\/2023\/12\/DSC00467-2-768x537.jpg 768w, https:\/\/nancyhaywood.com\/wp-content\/uploads\/2023\/12\/DSC00467-2-1536x1075.jpg 1536w, https:\/\/nancyhaywood.com\/wp-content\/uploads\/2023\/12\/DSC00467-2-2048x1433.jpg 2048w, https:\/\/nancyhaywood.com\/wp-content\/uploads\/2023\/12\/DSC00467-2-18x12.jpg 18w, https:\/\/nancyhaywood.com\/wp-content\/uploads\/2023\/12\/DSC00467-2-600x420.jpg 600w\" sizes=\"(max-width: 1024px) 100vw, 1024px\" \/>\t\t\t\t\t\t\t\t\t\t\t\t\t\t\t<\/div>\n\t\t\t\t<\/div>\n\t\t\t\t\t<\/div>\n\t\t<\/div>\n\t\t\t\t\t<\/div>\n\t\t<\/section>\n\t\t\t\t<\/div>","protected":false},"excerpt":{"rendered":"<p>VOICES of the EARTH \ud83e\udeb6 \u2013 Warteliste f\u00fcr Oktober 2025 Cantos de la Tierra Starte eine ganzj\u00e4hrige Reise mit deiner Stimme und Klangheilung! In der Voices of the Earth Jahresbegleitung lernst du, deine Stimme als heilsames Instrument zu entdecken, Blockaden zu \u00fcberwinden und tief in die Welt des intuitiven Singens und Heilens einzutauchen. Voices of [&hellip;]<\/p>\n","protected":false},"author":1,"featured_media":0,"parent":0,"menu_order":0,"comment_status":"closed","ping_status":"closed","template":"","meta":{"give_campaign_id":0,"footnotes":""},"class_list":["post-14242","page","type-page","status-publish","hentry","entry","owp-thumbs-layout-horizontal","owp-btn-normal","owp-tabs-layout-section","has-no-thumbnails","has-product-nav"],"yoast_head":"<!-- This site is optimized with the Yoast SEO plugin v27.3 - https:\/\/yoast.com\/product\/yoast-seo-wordpress\/ -->\n<title>voices of the earth - nancyhaywood.com<\/title>\n<meta name=\"robots\" content=\"index, follow, max-snippet:-1, max-image-preview:large, max-video-preview:-1\" \/>\n<link rel=\"canonical\" href=\"https:\/\/nancyhaywood.com\/en\/voices-of-the-earth\/\" \/>\n<meta property=\"og:locale\" content=\"en_GB\" \/>\n<meta property=\"og:type\" content=\"article\" \/>\n<meta property=\"og:title\" content=\"voices of the earth - nancyhaywood.com\" \/>\n<meta property=\"og:description\" content=\"VOICES of the EARTH \ud83e\udeb6 \u2013 Warteliste f\u00fcr Oktober 2025 Cantos de la Tierra Starte eine ganzj\u00e4hrige Reise mit deiner Stimme und Klangheilung! In der Voices of the Earth Jahresbegleitung lernst du, deine Stimme als heilsames Instrument zu entdecken, Blockaden zu \u00fcberwinden und tief in die Welt des intuitiven Singens und Heilens einzutauchen. Voices of [&hellip;]\" \/>\n<meta property=\"og:url\" content=\"https:\/\/nancyhaywood.com\/en\/voices-of-the-earth\/\" \/>\n<meta property=\"og:site_name\" content=\"nancyhaywood.com\" \/>\n<meta property=\"article:modified_time\" content=\"2025-07-23T11:31:22+00:00\" \/>\n<meta property=\"og:image\" content=\"https:\/\/nancyhaywood.com\/wp-content\/uploads\/2025\/03\/IMG_1746.jpg\" \/>\n\t<meta property=\"og:image:width\" content=\"543\" \/>\n\t<meta property=\"og:image:height\" content=\"405\" \/>\n\t<meta property=\"og:image:type\" content=\"image\/jpeg\" \/>\n<meta name=\"twitter:card\" content=\"summary_large_image\" \/>\n<meta name=\"twitter:label1\" content=\"Estimated reading time\" \/>\n\t<meta name=\"twitter:data1\" content=\"4 minutes\" \/>\n<script type=\"application\/ld+json\" class=\"yoast-schema-graph\">{\"@context\":\"https:\\\/\\\/schema.org\",\"@graph\":[{\"@type\":\"WebPage\",\"@id\":\"https:\\\/\\\/nancyhaywood.com\\\/voices-of-the-earth\\\/\",\"url\":\"https:\\\/\\\/nancyhaywood.com\\\/voices-of-the-earth\\\/\",\"name\":\"voices of the earth - nancyhaywood.com\",\"isPartOf\":{\"@id\":\"https:\\\/\\\/nancyhaywood.com\\\/#website\"},\"primaryImageOfPage\":{\"@id\":\"https:\\\/\\\/nancyhaywood.com\\\/voices-of-the-earth\\\/#primaryimage\"},\"image\":{\"@id\":\"https:\\\/\\\/nancyhaywood.com\\\/voices-of-the-earth\\\/#primaryimage\"},\"thumbnailUrl\":\"https:\\\/\\\/nancyhaywood.com\\\/wp-content\\\/uploads\\\/2025\\\/03\\\/IMG_1746.jpg\",\"datePublished\":\"2025-03-25T10:38:04+00:00\",\"dateModified\":\"2025-07-23T11:31:22+00:00\",\"breadcrumb\":{\"@id\":\"https:\\\/\\\/nancyhaywood.com\\\/voices-of-the-earth\\\/#breadcrumb\"},\"inLanguage\":\"en-GB\",\"potentialAction\":[{\"@type\":\"ReadAction\",\"target\":[\"https:\\\/\\\/nancyhaywood.com\\\/voices-of-the-earth\\\/\"]}]},{\"@type\":\"ImageObject\",\"inLanguage\":\"en-GB\",\"@id\":\"https:\\\/\\\/nancyhaywood.com\\\/voices-of-the-earth\\\/#primaryimage\",\"url\":\"https:\\\/\\\/nancyhaywood.com\\\/wp-content\\\/uploads\\\/2025\\\/03\\\/IMG_1746.jpg\",\"contentUrl\":\"https:\\\/\\\/nancyhaywood.com\\\/wp-content\\\/uploads\\\/2025\\\/03\\\/IMG_1746.jpg\"},{\"@type\":\"BreadcrumbList\",\"@id\":\"https:\\\/\\\/nancyhaywood.com\\\/voices-of-the-earth\\\/#breadcrumb\",\"itemListElement\":[{\"@type\":\"ListItem\",\"position\":1,\"name\":\"Startseite\",\"item\":\"https:\\\/\\\/nancyhaywood.com\\\/\"},{\"@type\":\"ListItem\",\"position\":2,\"name\":\"voices of the earth\"}]},{\"@type\":\"WebSite\",\"@id\":\"https:\\\/\\\/nancyhaywood.com\\\/#website\",\"url\":\"https:\\\/\\\/nancyhaywood.com\\\/\",\"name\":\"nancyhaywood.com\",\"description\":\"Mantras und spirituelle Lieder auf Gitarre lernen,  Musik von Herz zu Herz\",\"potentialAction\":[{\"@type\":\"SearchAction\",\"target\":{\"@type\":\"EntryPoint\",\"urlTemplate\":\"https:\\\/\\\/nancyhaywood.com\\\/?s={search_term_string}\"},\"query-input\":{\"@type\":\"PropertyValueSpecification\",\"valueRequired\":true,\"valueName\":\"search_term_string\"}}],\"inLanguage\":\"en-GB\"}]}<\/script>\n<!-- \/ Yoast SEO plugin. -->","yoast_head_json":{"title":"voices of the earth - nancyhaywood.com","robots":{"index":"index","follow":"follow","max-snippet":"max-snippet:-1","max-image-preview":"max-image-preview:large","max-video-preview":"max-video-preview:-1"},"canonical":"https:\/\/nancyhaywood.com\/en\/voices-of-the-earth\/","og_locale":"en_GB","og_type":"article","og_title":"voices of the earth - nancyhaywood.com","og_description":"VOICES of the EARTH \ud83e\udeb6 \u2013 Warteliste f\u00fcr Oktober 2025 Cantos de la Tierra Starte eine ganzj\u00e4hrige Reise mit deiner Stimme und Klangheilung! In der Voices of the Earth Jahresbegleitung lernst du, deine Stimme als heilsames Instrument zu entdecken, Blockaden zu \u00fcberwinden und tief in die Welt des intuitiven Singens und Heilens einzutauchen. Voices of [&hellip;]","og_url":"https:\/\/nancyhaywood.com\/en\/voices-of-the-earth\/","og_site_name":"nancyhaywood.com","article_modified_time":"2025-07-23T11:31:22+00:00","og_image":[{"width":543,"height":405,"url":"https:\/\/nancyhaywood.com\/wp-content\/uploads\/2025\/03\/IMG_1746.jpg","type":"image\/jpeg"}],"twitter_card":"summary_large_image","twitter_misc":{"Estimated reading time":"4 minutes"},"schema":{"@context":"https:\/\/schema.org","@graph":[{"@type":"WebPage","@id":"https:\/\/nancyhaywood.com\/voices-of-the-earth\/","url":"https:\/\/nancyhaywood.com\/voices-of-the-earth\/","name":"voices of the earth - nancyhaywood.com","isPartOf":{"@id":"https:\/\/nancyhaywood.com\/#website"},"primaryImageOfPage":{"@id":"https:\/\/nancyhaywood.com\/voices-of-the-earth\/#primaryimage"},"image":{"@id":"https:\/\/nancyhaywood.com\/voices-of-the-earth\/#primaryimage"},"thumbnailUrl":"https:\/\/nancyhaywood.com\/wp-content\/uploads\/2025\/03\/IMG_1746.jpg","datePublished":"2025-03-25T10:38:04+00:00","dateModified":"2025-07-23T11:31:22+00:00","breadcrumb":{"@id":"https:\/\/nancyhaywood.com\/voices-of-the-earth\/#breadcrumb"},"inLanguage":"en-GB","potentialAction":[{"@type":"ReadAction","target":["https:\/\/nancyhaywood.com\/voices-of-the-earth\/"]}]},{"@type":"ImageObject","inLanguage":"en-GB","@id":"https:\/\/nancyhaywood.com\/voices-of-the-earth\/#primaryimage","url":"https:\/\/nancyhaywood.com\/wp-content\/uploads\/2025\/03\/IMG_1746.jpg","contentUrl":"https:\/\/nancyhaywood.com\/wp-content\/uploads\/2025\/03\/IMG_1746.jpg"},{"@type":"BreadcrumbList","@id":"https:\/\/nancyhaywood.com\/voices-of-the-earth\/#breadcrumb","itemListElement":[{"@type":"ListItem","position":1,"name":"Startseite","item":"https:\/\/nancyhaywood.com\/"},{"@type":"ListItem","position":2,"name":"voices of the earth"}]},{"@type":"WebSite","@id":"https:\/\/nancyhaywood.com\/#website","url":"https:\/\/nancyhaywood.com\/","name":"nancyhaywood.com","description":"Mantras und spirituelle Lieder auf Gitarre lernen,  Musik von Herz zu Herz","potentialAction":[{"@type":"SearchAction","target":{"@type":"EntryPoint","urlTemplate":"https:\/\/nancyhaywood.com\/?s={search_term_string}"},"query-input":{"@type":"PropertyValueSpecification","valueRequired":true,"valueName":"search_term_string"}}],"inLanguage":"en-GB"}]}},"campaignId":"","_links":{"self":[{"href":"https:\/\/nancyhaywood.com\/en\/wp-json\/wp\/v2\/pages\/14242","targetHints":{"allow":["GET"]}}],"collection":[{"href":"https:\/\/nancyhaywood.com\/en\/wp-json\/wp\/v2\/pages"}],"about":[{"href":"https:\/\/nancyhaywood.com\/en\/wp-json\/wp\/v2\/types\/page"}],"author":[{"embeddable":true,"href":"https:\/\/nancyhaywood.com\/en\/wp-json\/wp\/v2\/users\/1"}],"replies":[{"embeddable":true,"href":"https:\/\/nancyhaywood.com\/en\/wp-json\/wp\/v2\/comments?post=14242"}],"version-history":[{"count":4,"href":"https:\/\/nancyhaywood.com\/en\/wp-json\/wp\/v2\/pages\/14242\/revisions"}],"predecessor-version":[{"id":15516,"href":"https:\/\/nancyhaywood.com\/en\/wp-json\/wp\/v2\/pages\/14242\/revisions\/15516"}],"wp:attachment":[{"href":"https:\/\/nancyhaywood.com\/en\/wp-json\/wp\/v2\/media?parent=14242"}],"curies":[{"name":"wp","href":"https:\/\/api.w.org\/{rel}","templated":true}]}}