{"id":11063,"date":"2024-07-26T14:06:18","date_gmt":"2024-07-26T12:06:18","guid":{"rendered":"https:\/\/nancyhaywood.com\/?post_type=product&#038;p=11063"},"modified":"2025-06-22T18:06:56","modified_gmt":"2025-06-22T16:06:56","slug":"online-gitarren-kurs-fuer-anfaenger-2-2024","status":"publish","type":"product","link":"https:\/\/nancyhaywood.com\/en\/product\/online-gitarren-kurs-fuer-anfaenger-2-2024\/","title":{"rendered":"Online Gitarren Kurs f\u00fcr Anf\u00e4nger 2 &#8211; 2024"},"content":{"rendered":"<p style=\"text-align: left;\">Dein Kurs beinhaltet <strong>6 Livestream-Sitzungen<\/strong> via Zoom von jeweils 75 &#8211; 90 Minuten (die Aufzeichnungen werden dir danach zur Verf\u00fcgung gestellt), meld dich rechtzeitig an das wir p\u00fcnktlich starten k\u00f6nnen. Du wirst w\u00e4hrend des Meetings stumm geschaltet sein, da sonst St\u00f6rger\u00e4usche entstehen, nur deine Kamera ist an. Du kannst dich aber jederzeit bemerkbar machen und deine Fragen stellen.<\/p>\n<p>Stell bitte auch sicher, dass du immer die <strong>aktuellste Version von Zoom<\/strong> hast damit es keine technischen St\u00f6rungen gibt.<br \/>\nDu erh\u00e4ltst vor unserem Meeting die\u00a0<strong>Textbl\u00e4tter als PDF zum Herunterladen mit Akkorden und Mantra Bedeutung<\/strong>. Nach unserem Meeting erh\u00e4ltst du die vorab aufgezeichnete Videoinhalte der jeweiligen Mantren, sowie die Zoom Aufzeichnung.<\/p>\n<p>Du lernst <strong>13 Mantren<\/strong>: Maha Mantra, Shiva Shambo, The Ocean is the beginning, Devi Devi Devi, Trommle mein Herz, The river is flowing, Om Guru Om Guru, Om Mata Kali, Ein langer Tag, Suddhosi Buddhosi, He He Govinda, Wahe Guru und Ganapati Om.<\/p>\n<p>Ich stehe dir jederzeit f\u00fcr Fragen zur Verf\u00fcgung, schreib mir einfach eine <strong>E-Mail<\/strong>.<\/p>\n<p>Der Kurs ist so aufgebaut, dass Theorie und Praxis lebendig miteinander verschmelzen.<br \/>\nDu brauchst <strong>keinerlei Erfahrung im Singen oder Gitarre spielen oder Notenkenntnisse, <\/strong>nur\u00a0eine Gitarre, die brauchst du schon.<\/p>\n<div dir=\"auto\">\n<p>Das <strong>Feedback der vergangenen Kurse<\/strong> hat mir gezeigt das 1-2 Wochen zu schnell vorbei gehen, und viele Teilnehmer keine Zeit zum \u00fcben hatten. Deshalb finden meine neuen Kurse alle 4 Wochen statt. Die Zeit zwischen den Meetings erlaubt dir, dass gelernte auszuprobieren, zu \u00fcben und zu festigen. So kannst du beim n\u00e4chsten Meeting deine aufkommenden Fragen stellen, und wir k\u00f6nnen Unklarheiten beseitigen.<\/p>\n<\/div>\n<p>Singen und musizieren \u00f6ffnen das Herz und schafft Frieden in dir selbst, und im gemeinsamen Muszieren mit anderen Menschen. Ich unterst\u00fctze dich gerne dabei und begleite dich auch, deine Fertigkeiten noch weiter zu vertiefen.<\/p>\n<p>&nbsp;<\/p>\n<h2><strong>Dieser Mantra Kurs ist genau das Richtige f\u00fcr Dich wenn:<\/strong><\/h2>\n<ul>\n<li>es in dir brennt endlich Mantren und spirituelle Lieder auf Gitarre spielen zu k\u00f6nnen<\/li>\n<li>du keine Lust hast erst mal ewig lange Musiktheorie zu lernen<\/li>\n<li>du direkt loslegen m\u00f6chtest ohne lange rum zu schnacken<\/li>\n<li>du mit Leichtigkeit, Spa\u00df und Humor lernen m\u00f6chtest<\/li>\n<li>du Yoga unterrichtest und deine Yogis in den Asanas mit der Gitarre begleiten m\u00f6chtest<\/li>\n<li>du Lieder f\u00fcr deine Singkreise, Heil-und Frauenkreise lernen m\u00f6chteste<\/li>\n<li>du dein Repertoire an Liedern erweitern m\u00f6chtest<\/li>\n<li>du in die Welt der Mantren und spirituellen Lieder eintauchen m\u00f6chtest<\/li>\n<li>du keinen blassen Schimmer von Mantren, spiritueller Musik und Gitarre spielen hast<\/li>\n<li>du blutiger Anf\u00e4nger an der Gitarre bist<\/li>\n<li>du dein Herz \u00f6ffnen m\u00f6chtest<\/li>\n<li>du dein Selbstbewusstsein und deine Stimme st\u00e4rken m\u00f6chtest<\/li>\n<li>die Transformative Wirkung von der Praxis des Mantra Singens kennenlernne m\u00f6chtest<\/li>\n<li>unter Gleichgesinnten gemeinsam lernen m\u00f6chtest<\/li>\n<li>du durch das Singen der alten Lieder einen heilsamen Impuls in die Welt tragen magst<\/li>\n<li>du deine heilige Verbindung mit deiner eigenen Natur, und mit Mutter Erde erfahren m\u00f6chtest<\/li>\n<\/ul>","protected":false},"excerpt":{"rendered":"<h3><strong>Dein Online Gitarren Kurs f\u00fcr Anf\u00e4nger &#8211; Mantras und spirituelle Lieder<\/strong><\/h3>\n<p><b>KURS TERMINE: Donnerstag Abend um 19:00 Uhr (CET) \/ alle 4 Wochen<\/b><\/p>\n<p><b>1. <\/b>Kurs Stunde<b> <\/b>\u2014&gt; <b>26.09.2024<\/b><br \/>\n<b>2. <\/b>Kurs Stunde \u2014&gt; <b>24.10..2024<\/b><br \/>\n<b>3. <\/b>Kurs Stunde \u2014&gt; <b>21.11.2024<\/b><br \/>\n<b>4. <\/b>Kurs Stunde \u2014&gt; <b>19.12.2024<\/b><br \/>\n<b>5. <\/b>Kurs Stunde \u2014&gt; <b>16.01.2024<\/b><br \/>\n<b>6. <\/b>Kurs Stunde<b> <\/b>\u2014&gt;<b> 13.02.2024 <\/b><\/p>\n<h3><strong>Mantra Kurs Details &#8211; du bekommst:<\/strong><\/h3>\n<ul>\n<li>Informative Video Tutorials zum lernen und \u00fcben, die du in deinem eigenen Tempo anschauen kannst<\/li>\n<li>6 x 75-90 Minuten Live-Sitzungen via Zoom, die du im Anschluss als Aufzeichnung zur Verf\u00fcgung gestellt bekommst<\/li>\n<li>PDF`s der Mantra Texte mit Akkorden und Bedeutung zum Herunterladen<\/li>\n<li>Du lernst 13 Mantren:\u00a0Maha Mantra, Shiva Shambo, The Ocean is the beginning, Devi Devi Devi, Trommle mein Herz, The river is flowing, Om Guru Om Guru, Om Mata Kali, Ein langer Tag, Suddhosi Buddhosi, He He Govinda, Wahe Guru und Ganapati Om.<\/li>\n<li>Jederzeit E-Mail Support bei Fragen, W\u00fcnschen und Anregungen<\/li>\n<li>Motivations E-Mails<\/li>\n<li>Play-a-long Gitarren Videos zu fast jedem Lied mit jeweils ca 30 Minuten L\u00e4nge<\/li>\n<li>Jeder kann mitmachen<\/li>\n<li>Keine Notenkenntnisse notwendig<\/li>\n<li>BONUSMATERIAL<\/li>\n<li><strong>WILLKOMMENSGESCHENK<\/strong><\/li>\n<li>Gratis Monat zum Lied H\u00fcterinnen Kreis<\/li>\n<li>Langfristiger Zugriff auf alle Videolektionen und Live Calls<\/li>\n<\/ul>\n<p>Die 6 Live-Sitzungen finden alle (4 Wochen\/ 1 mal im Monat statt) und beginnen im September 2024.<\/p>\n<p>Lerne mich hier kennen: <a href=\"https:\/\/youtu.be\/WKfh4BITZXY\" target=\"_blank\" rel=\"noopener\">https:\/\/youtu.be\/WKfh4BITZXY<\/a><\/p>\n<p><em><strong>Als Kleinunternehmer im Sinne von \u00a719 Abs. 1 Umsatzsteuergesetz (UStG) wird keine Umsatzsteuer berechnet.<\/strong><\/em><\/p>","protected":false},"featured_media":0,"comment_status":"open","ping_status":"closed","template":"","meta":{"give_campaign_id":0},"product_brand":[],"product_cat":[21],"product_tag":[49,48,26,50,45,47],"class_list":{"0":"post-11063","1":"product","2":"type-product","3":"status-publish","5":"product_cat-gitarrenkurs","6":"product_tag-gitarrenkurs-nancy-haywood","7":"product_tag-mantra-gitarrenkurs-fuer-anfaenger","8":"product_tag-mantra-musik","9":"product_tag-mantras-auf-gitarre-lernen","10":"product_tag-nancy-haywood-gitarrenkurs","11":"product_tag-online-gitarrenkurs-fuer-anfaenger","13":"entry","15":"first","16":"instock","17":"downloadable","18":"virtual","19":"purchasable","20":"product-type-simple","21":"has-product-nav","22":"col","23":"span_1_of_3","24":"owp-content-center","25":"owp-thumbs-layout-horizontal","26":"owp-btn-normal","27":"owp-tabs-layout-section"},"yoast_head":"<!-- This site is optimized with the Yoast SEO plugin v27.5 - https:\/\/yoast.com\/product\/yoast-seo-wordpress\/ -->\n<title>Mantras und spirituelle Lieder auf Gitarre lernen f\u00fcr Anf\u00e4nger 2024<\/title>\n<meta name=\"description\" content=\"Dein Online Gitarren Kurs f\u00fcr absolute Anf\u00e4nger - Mantras und spirituelle Lieder lernen und spielen mit Nancy Haywood, lerne spielend einfach Gitarre 2024\" \/>\n<meta name=\"robots\" content=\"index, follow, max-snippet:-1, max-image-preview:large, max-video-preview:-1\" \/>\n<link rel=\"canonical\" href=\"https:\/\/nancyhaywood.com\/en\/product\/online-gitarren-kurs-fuer-anfaenger-2-2024\/\" \/>\n<meta property=\"og:locale\" content=\"en_GB\" \/>\n<meta property=\"og:type\" content=\"article\" \/>\n<meta property=\"og:title\" content=\"Mantras und spirituelle Lieder auf Gitarre lernen f\u00fcr Anf\u00e4nger 2024\" \/>\n<meta property=\"og:description\" content=\"Dein Online Gitarren Kurs f\u00fcr absolute Anf\u00e4nger - Mantras und spirituelle Lieder lernen und spielen mit Nancy Haywood, lerne spielend einfach Gitarre 2024\" \/>\n<meta property=\"og:url\" content=\"https:\/\/nancyhaywood.com\/en\/product\/online-gitarren-kurs-fuer-anfaenger-2-2024\/\" \/>\n<meta property=\"og:site_name\" content=\"nancyhaywood.com\" \/>\n<meta property=\"article:modified_time\" content=\"2025-06-22T16:06:56+00:00\" \/>\n<meta property=\"og:image\" content=\"https:\/\/nancyhaywood.com\/wp-content\/uploads\/2024\/07\/Anfaenger-Kurs-Bild-WEBPAGE-september.jpg\" \/>\n\t<meta property=\"og:image:width\" content=\"1080\" \/>\n\t<meta property=\"og:image:height\" content=\"1080\" \/>\n\t<meta property=\"og:image:type\" content=\"image\/jpeg\" \/>\n<meta name=\"twitter:card\" content=\"summary_large_image\" \/>\n<meta name=\"twitter:label1\" content=\"Estimated reading time\" \/>\n\t<meta name=\"twitter:data1\" content=\"3 minutes\" \/>\n<script type=\"application\/ld+json\" class=\"yoast-schema-graph\">{\"@context\":\"https:\\\/\\\/schema.org\",\"@graph\":[{\"@type\":\"WebPage\",\"@id\":\"https:\\\/\\\/nancyhaywood.com\\\/produkt\\\/online-gitarren-kurs-fuer-anfaenger-2-2024\\\/\",\"url\":\"https:\\\/\\\/nancyhaywood.com\\\/produkt\\\/online-gitarren-kurs-fuer-anfaenger-2-2024\\\/\",\"name\":\"Mantras und spirituelle Lieder auf Gitarre lernen f\u00fcr Anf\u00e4nger 2024\",\"isPartOf\":{\"@id\":\"https:\\\/\\\/nancyhaywood.com\\\/#website\"},\"datePublished\":\"2024-07-26T12:06:18+00:00\",\"dateModified\":\"2025-06-22T16:06:56+00:00\",\"description\":\"Dein Online Gitarren Kurs f\u00fcr absolute Anf\u00e4nger - Mantras und spirituelle Lieder lernen und spielen mit Nancy Haywood, lerne spielend einfach Gitarre 2024\",\"breadcrumb\":{\"@id\":\"https:\\\/\\\/nancyhaywood.com\\\/produkt\\\/online-gitarren-kurs-fuer-anfaenger-2-2024\\\/#breadcrumb\"},\"inLanguage\":\"en-GB\",\"potentialAction\":[{\"@type\":\"ReadAction\",\"target\":[\"https:\\\/\\\/nancyhaywood.com\\\/produkt\\\/online-gitarren-kurs-fuer-anfaenger-2-2024\\\/\"]}]},{\"@type\":\"BreadcrumbList\",\"@id\":\"https:\\\/\\\/nancyhaywood.com\\\/produkt\\\/online-gitarren-kurs-fuer-anfaenger-2-2024\\\/#breadcrumb\",\"itemListElement\":[{\"@type\":\"ListItem\",\"position\":1,\"name\":\"Startseite\",\"item\":\"https:\\\/\\\/nancyhaywood.com\\\/\"},{\"@type\":\"ListItem\",\"position\":2,\"name\":\"Shop\",\"item\":\"https:\\\/\\\/nancyhaywood.com\\\/shop\\\/\"},{\"@type\":\"ListItem\",\"position\":3,\"name\":\"Online Gitarren Kurs f\u00fcr Anf\u00e4nger 2 &#8211; 2024\"}]},{\"@type\":\"WebSite\",\"@id\":\"https:\\\/\\\/nancyhaywood.com\\\/#website\",\"url\":\"https:\\\/\\\/nancyhaywood.com\\\/\",\"name\":\"nancyhaywood.com\",\"description\":\"Mantras und spirituelle Lieder auf Gitarre lernen,  Musik von Herz zu Herz\",\"potentialAction\":[{\"@type\":\"SearchAction\",\"target\":{\"@type\":\"EntryPoint\",\"urlTemplate\":\"https:\\\/\\\/nancyhaywood.com\\\/?s={search_term_string}\"},\"query-input\":{\"@type\":\"PropertyValueSpecification\",\"valueRequired\":true,\"valueName\":\"search_term_string\"}}],\"inLanguage\":\"en-GB\"}]}<\/script>\n<!-- \/ Yoast SEO plugin. -->","yoast_head_json":{"title":"Mantras und spirituelle Lieder auf Gitarre lernen f\u00fcr Anf\u00e4nger 2024","description":"Dein Online Gitarren Kurs f\u00fcr absolute Anf\u00e4nger - Mantras und spirituelle Lieder lernen und spielen mit Nancy Haywood, lerne spielend einfach Gitarre 2024","robots":{"index":"index","follow":"follow","max-snippet":"max-snippet:-1","max-image-preview":"max-image-preview:large","max-video-preview":"max-video-preview:-1"},"canonical":"https:\/\/nancyhaywood.com\/en\/product\/online-gitarren-kurs-fuer-anfaenger-2-2024\/","og_locale":"en_GB","og_type":"article","og_title":"Mantras und spirituelle Lieder auf Gitarre lernen f\u00fcr Anf\u00e4nger 2024","og_description":"Dein Online Gitarren Kurs f\u00fcr absolute Anf\u00e4nger - Mantras und spirituelle Lieder lernen und spielen mit Nancy Haywood, lerne spielend einfach Gitarre 2024","og_url":"https:\/\/nancyhaywood.com\/en\/product\/online-gitarren-kurs-fuer-anfaenger-2-2024\/","og_site_name":"nancyhaywood.com","article_modified_time":"2025-06-22T16:06:56+00:00","og_image":[{"width":1080,"height":1080,"url":"https:\/\/nancyhaywood.com\/wp-content\/uploads\/2024\/07\/Anfaenger-Kurs-Bild-WEBPAGE-september.jpg","type":"image\/jpeg"}],"twitter_card":"summary_large_image","twitter_misc":{"Estimated reading time":"3 minutes"},"schema":{"@context":"https:\/\/schema.org","@graph":[{"@type":"WebPage","@id":"https:\/\/nancyhaywood.com\/produkt\/online-gitarren-kurs-fuer-anfaenger-2-2024\/","url":"https:\/\/nancyhaywood.com\/produkt\/online-gitarren-kurs-fuer-anfaenger-2-2024\/","name":"Mantras und spirituelle Lieder auf Gitarre lernen f\u00fcr Anf\u00e4nger 2024","isPartOf":{"@id":"https:\/\/nancyhaywood.com\/#website"},"datePublished":"2024-07-26T12:06:18+00:00","dateModified":"2025-06-22T16:06:56+00:00","description":"Dein Online Gitarren Kurs f\u00fcr absolute Anf\u00e4nger - Mantras und spirituelle Lieder lernen und spielen mit Nancy Haywood, lerne spielend einfach Gitarre 2024","breadcrumb":{"@id":"https:\/\/nancyhaywood.com\/produkt\/online-gitarren-kurs-fuer-anfaenger-2-2024\/#breadcrumb"},"inLanguage":"en-GB","potentialAction":[{"@type":"ReadAction","target":["https:\/\/nancyhaywood.com\/produkt\/online-gitarren-kurs-fuer-anfaenger-2-2024\/"]}]},{"@type":"BreadcrumbList","@id":"https:\/\/nancyhaywood.com\/produkt\/online-gitarren-kurs-fuer-anfaenger-2-2024\/#breadcrumb","itemListElement":[{"@type":"ListItem","position":1,"name":"Startseite","item":"https:\/\/nancyhaywood.com\/"},{"@type":"ListItem","position":2,"name":"Shop","item":"https:\/\/nancyhaywood.com\/shop\/"},{"@type":"ListItem","position":3,"name":"Online Gitarren Kurs f\u00fcr Anf\u00e4nger 2 &#8211; 2024"}]},{"@type":"WebSite","@id":"https:\/\/nancyhaywood.com\/#website","url":"https:\/\/nancyhaywood.com\/","name":"nancyhaywood.com","description":"Mantras und spirituelle Lieder auf Gitarre lernen,  Musik von Herz zu Herz","potentialAction":[{"@type":"SearchAction","target":{"@type":"EntryPoint","urlTemplate":"https:\/\/nancyhaywood.com\/?s={search_term_string}"},"query-input":{"@type":"PropertyValueSpecification","valueRequired":true,"valueName":"search_term_string"}}],"inLanguage":"en-GB"}]}},"_links":{"self":[{"href":"https:\/\/nancyhaywood.com\/en\/wp-json\/wp\/v2\/product\/11063","targetHints":{"allow":["GET"]}}],"collection":[{"href":"https:\/\/nancyhaywood.com\/en\/wp-json\/wp\/v2\/product"}],"about":[{"href":"https:\/\/nancyhaywood.com\/en\/wp-json\/wp\/v2\/types\/product"}],"replies":[{"embeddable":true,"href":"https:\/\/nancyhaywood.com\/en\/wp-json\/wp\/v2\/comments?post=11063"}],"wp:attachment":[{"href":"https:\/\/nancyhaywood.com\/en\/wp-json\/wp\/v2\/media?parent=11063"}],"wp:term":[{"taxonomy":"product_brand","embeddable":true,"href":"https:\/\/nancyhaywood.com\/en\/wp-json\/wp\/v2\/product_brand?post=11063"},{"taxonomy":"product_cat","embeddable":true,"href":"https:\/\/nancyhaywood.com\/en\/wp-json\/wp\/v2\/product_cat?post=11063"},{"taxonomy":"product_tag","embeddable":true,"href":"https:\/\/nancyhaywood.com\/en\/wp-json\/wp\/v2\/product_tag?post=11063"}],"curies":[{"name":"wp","href":"https:\/\/api.w.org\/{rel}","templated":true}]}}