{"id":13977,"date":"2025-03-15T18:57:20","date_gmt":"2025-03-15T17:57:20","guid":{"rendered":"https:\/\/nancyhaywood.com\/?post_type=product&#038;p=13977"},"modified":"2025-09-19T16:09:08","modified_gmt":"2025-09-19T14:09:08","slug":"harmonium-songbook-mantra-medicine-music-basis-songbook-live-workshop","status":"publish","type":"product","link":"https:\/\/nancyhaywood.com\/en\/product\/harmonium-songbook-mantra-medicine-music-basis-songbook-live-workshop\/","title":{"rendered":"Harmonium Songbook Mantra &#038; Medicine Music: Basis-Songbook + ONLINE Live-Workshop"},"content":{"rendered":"<h2>Harmonium Songbook Mantra &amp; Medicine Music Basis (ohne Videos)<\/h2>\n<h3>Was ist das Harmonium Songbook?<\/h3>\n<p>Dieses Songbook ist perfekt f\u00fcr alle, die Healing Songs &amp; Mantras auf dem Harmonium spielen m\u00f6chten &#8211; einfach, intuitiv und mit viel Freude! Es wurde so gestaltet, dass du sofort loslegen kannst, auch ohne musikalische Vorkenntnisse.<\/p>\n<p><strong>Highlights:<\/strong><\/p>\n<p>\u2705 Nach Schwierigkeitsgrad geordnet: Starte mit den einfachsten Liedern und steigere dich Schritt f\u00fcr Schritt.<br \/>\n\u2705 Interaktives Inhaltsverzeichnis: Klickst du auf einen Songtitel, gelangst du direkt zur richtigen Seite.<br \/>\n\u2705 Akkorde genau \u00fcber den richtigen W\u00f6rtern: Damit du wei\u00dft, wann genau der Akkordwechsel stattfindet.<br \/>\n\u2705 3-Finger-Akkorde f\u00fcr Harmonium &amp; Gitarrenakkorde: Beide Varianten stehen nebeneinander \u2013 ideal f\u00fcr gemeinsames Musizieren.<br \/>\n\u2705 Mantra-Erkl\u00e4rungen: Bedeutung &amp; Ursprung aller enthaltenen Mantras.<br \/>\n\u2705 Spannende Zusatzinhalte:<\/p>\n<ul>\n<li>Die Geschichte des Harmoniums<\/li>\n<li>Einf\u00fchrung in Bhakti-Yoga \u2013 das Yoga der Hingabe<\/li>\n<li>\u00dcbersicht der Harmonium-Tastatur mit Bild<\/li>\n<li>Akkordtabelle mit Umkehrungen (inkl. Erkl\u00e4rung, was Akkordumkehrungen sind)<\/li>\n<li>Anleitung: Wie nutzt du die Akkordtabelle?<\/li>\n<li>Alle 8 Akkorde mit Harmonium-Akkordbildern \u2013 mit diesen Akkorden kannst du alle Songs spielen!<\/li>\n<li>Was bedeutet Transponieren &amp; wie geht es einfach?<\/li>\n<li>432-Hz-Stimmung: Was du wissen solltest<\/li>\n<li>Akkordliste speziell f\u00fcr Harmoniumspieler<\/li>\n<li>Empfohlene Links &amp; Angebote f\u00fcr deine musikalische Reise<\/li>\n<\/ul>\n<p>&nbsp;<\/p>\n<h3><strong>\ud83d\udd36 Zwei Varianten erh\u00e4ltlich:<\/strong><\/h3>\n<p><strong>\ud83d\udcd6 1. Basis-Songbook (ohne Videos)<\/strong><\/p>\n<p><strong>Inhalt:<\/strong><br \/>\n\u2705 36 wundersch\u00f6ne Healing Songs &amp; Mantras f\u00fcr das Harmonium<br \/>\n\u2705 3 geheime Bonus-Songs \ud83c\udfb6<br \/>\n\u2705 3-Finger-Akkorde &#8211; ideal f\u00fcr Anf\u00e4nger<br \/>\n\u2705 PDF-E-Book zum Sofort-Download<\/p>\n<p>\ud83d\udcb0 Preis: 29 \u20ac<\/p>\n<h3><strong>F\u00fcr wen ist dieses Songbook?<\/strong><\/h3>\n<ul>\n<li>Menschen, die bereits Harmonium spielen oder sich leicht einh\u00f6ren k\u00f6nnen<\/li>\n<li>Singkreis-Leiter, Yoga-Lehrer, spirituelle Musiker, alle die Spass und Freude am musizieren haben, und die gern Harmonium spielen<\/li>\n<li>Anf\u00e4nger, die schon etwas Erfahrung mit Akkorden haben<\/li>\n<\/ul>\n<p>&nbsp;<\/p>\n<p><strong>\ud83d\udcd6 2. Songbook mit Video-Links\u00a0<\/strong><\/p>\n<p>Alles aus dem Basis-Songbook, plus:<br \/>\n\u2705 \ud83c\udfa5 Video-Links f\u00fcr jedes Lied: Sieh genau, wie es gespielt wird &amp; spiele nach.<br \/>\n\u2705 Visuelle Anleitung f\u00fcr Anf\u00e4nger: Perfekt, wenn du lieber nach Geh\u00f6r lernst!<\/p>\n<p>\ud83d\udcb0 Preis: 54 \u20ac<\/p>\n<p><strong>\u00a0Ideal f\u00fcr:<\/strong><br \/>\n\u2022Anf\u00e4nger, die eine visuelle Inspiration brauchen<br \/>\n\u2022Menschen, die sich beim Spielen unsicher f\u00fchlen<br \/>\n\u2022Alle, die wissen m\u00f6chten wie die Lieder auf dem Harmonium klingen<\/p>","protected":false},"excerpt":{"rendered":"<h3><\/h3>\n<h3>Songbook &amp; Live Online Workshop<\/h3>\n<p>&nbsp;<\/p>","protected":false},"featured_media":13920,"comment_status":"open","ping_status":"closed","template":"","meta":{"give_campaign_id":0},"product_brand":[],"product_cat":[52,20],"product_tag":[53,41,39,24,35,40,89],"class_list":{"0":"post-13977","1":"product","2":"type-product","3":"status-publish","4":"has-post-thumbnail","6":"product_cat-harmonium","7":"product_cat-songbook","8":"product_tag-harmonium","9":"product_tag-mantra","10":"product_tag-mantra-songbook","11":"product_tag-medicine-music","12":"product_tag-nancy-haywood","13":"product_tag-nancy-haywood-songbook","14":"product_tag-spirituelle-lieder","16":"entry","17":"has-media","19":"first","20":"instock","21":"downloadable","22":"shipping-taxable","23":"purchasable","24":"product-type-simple","25":"has-product-nav","26":"col","27":"span_1_of_3","28":"owp-content-center","29":"owp-thumbs-layout-horizontal","30":"owp-btn-normal","31":"owp-tabs-layout-section"},"yoast_head":"<!-- This site is optimized with the Yoast SEO plugin v27.5 - https:\/\/yoast.com\/product\/yoast-seo-wordpress\/ -->\n<title>Harmonium Songbook Mantra &amp; Medicine Music<\/title>\n<meta name=\"description\" content=\"Harmonium Songbook Mantra &amp; Medicine Music - lerne neue Mantren und spirituelle Weltlieder f\u00fcr deinen Singkreis, Frauenkreis oder Heilkreis\" \/>\n<meta name=\"robots\" content=\"index, follow, max-snippet:-1, max-image-preview:large, max-video-preview:-1\" \/>\n<link rel=\"canonical\" href=\"https:\/\/nancyhaywood.com\/en\/product\/harmonium-songbook-mantra-medicine-music-basis-songbook-live-workshop\/\" \/>\n<meta property=\"og:locale\" content=\"en_GB\" \/>\n<meta property=\"og:type\" content=\"article\" \/>\n<meta property=\"og:title\" content=\"Harmonium Songbook Mantra &amp; Medicine Music\" \/>\n<meta property=\"og:description\" content=\"Harmonium Songbook Mantra &amp; Medicine Music - lerne neue Mantren und spirituelle Weltlieder f\u00fcr deinen Singkreis, Frauenkreis oder Heilkreis\" \/>\n<meta property=\"og:url\" content=\"https:\/\/nancyhaywood.com\/en\/product\/harmonium-songbook-mantra-medicine-music-basis-songbook-live-workshop\/\" \/>\n<meta property=\"og:site_name\" content=\"nancyhaywood.com\" \/>\n<meta property=\"article:modified_time\" content=\"2025-09-19T14:09:08+00:00\" \/>\n<meta property=\"og:image\" content=\"https:\/\/nancyhaywood.com\/wp-content\/uploads\/2025\/02\/Kalender-Titelbild-final.jpg\" \/>\n\t<meta property=\"og:image:width\" content=\"1414\" \/>\n\t<meta property=\"og:image:height\" content=\"2000\" \/>\n\t<meta property=\"og:image:type\" content=\"image\/jpeg\" \/>\n<meta name=\"twitter:card\" content=\"summary_large_image\" \/>\n<meta name=\"twitter:label1\" content=\"Estimated reading time\" \/>\n\t<meta name=\"twitter:data1\" content=\"3 minutes\" \/>\n<script type=\"application\/ld+json\" class=\"yoast-schema-graph\">{\"@context\":\"https:\\\/\\\/schema.org\",\"@graph\":[{\"@type\":\"WebPage\",\"@id\":\"https:\\\/\\\/nancyhaywood.com\\\/produkt\\\/harmonium-songbook-mantra-medicine-music-basis-songbook-live-workshop\\\/\",\"url\":\"https:\\\/\\\/nancyhaywood.com\\\/produkt\\\/harmonium-songbook-mantra-medicine-music-basis-songbook-live-workshop\\\/\",\"name\":\"Harmonium Songbook Mantra & Medicine Music\",\"isPartOf\":{\"@id\":\"https:\\\/\\\/nancyhaywood.com\\\/#website\"},\"primaryImageOfPage\":{\"@id\":\"https:\\\/\\\/nancyhaywood.com\\\/produkt\\\/harmonium-songbook-mantra-medicine-music-basis-songbook-live-workshop\\\/#primaryimage\"},\"image\":{\"@id\":\"https:\\\/\\\/nancyhaywood.com\\\/produkt\\\/harmonium-songbook-mantra-medicine-music-basis-songbook-live-workshop\\\/#primaryimage\"},\"thumbnailUrl\":\"https:\\\/\\\/nancyhaywood.com\\\/wp-content\\\/uploads\\\/2025\\\/02\\\/Kalender-Titelbild-final.jpg\",\"datePublished\":\"2025-03-15T17:57:20+00:00\",\"dateModified\":\"2025-09-19T14:09:08+00:00\",\"description\":\"Harmonium Songbook Mantra & Medicine Music - lerne neue Mantren und spirituelle Weltlieder f\u00fcr deinen Singkreis, Frauenkreis oder Heilkreis\",\"breadcrumb\":{\"@id\":\"https:\\\/\\\/nancyhaywood.com\\\/produkt\\\/harmonium-songbook-mantra-medicine-music-basis-songbook-live-workshop\\\/#breadcrumb\"},\"inLanguage\":\"en-GB\",\"potentialAction\":[{\"@type\":\"ReadAction\",\"target\":[\"https:\\\/\\\/nancyhaywood.com\\\/produkt\\\/harmonium-songbook-mantra-medicine-music-basis-songbook-live-workshop\\\/\"]}]},{\"@type\":\"ImageObject\",\"inLanguage\":\"en-GB\",\"@id\":\"https:\\\/\\\/nancyhaywood.com\\\/produkt\\\/harmonium-songbook-mantra-medicine-music-basis-songbook-live-workshop\\\/#primaryimage\",\"url\":\"https:\\\/\\\/nancyhaywood.com\\\/wp-content\\\/uploads\\\/2025\\\/02\\\/Kalender-Titelbild-final.jpg\",\"contentUrl\":\"https:\\\/\\\/nancyhaywood.com\\\/wp-content\\\/uploads\\\/2025\\\/02\\\/Kalender-Titelbild-final.jpg\",\"width\":1414,\"height\":2000},{\"@type\":\"BreadcrumbList\",\"@id\":\"https:\\\/\\\/nancyhaywood.com\\\/produkt\\\/harmonium-songbook-mantra-medicine-music-basis-songbook-live-workshop\\\/#breadcrumb\",\"itemListElement\":[{\"@type\":\"ListItem\",\"position\":1,\"name\":\"Startseite\",\"item\":\"https:\\\/\\\/nancyhaywood.com\\\/\"},{\"@type\":\"ListItem\",\"position\":2,\"name\":\"Shop\",\"item\":\"https:\\\/\\\/nancyhaywood.com\\\/shop\\\/\"},{\"@type\":\"ListItem\",\"position\":3,\"name\":\"Harmonium Songbook Mantra &#038; Medicine Music: Basis-Songbook + ONLINE Live-Workshop\"}]},{\"@type\":\"WebSite\",\"@id\":\"https:\\\/\\\/nancyhaywood.com\\\/#website\",\"url\":\"https:\\\/\\\/nancyhaywood.com\\\/\",\"name\":\"nancyhaywood.com\",\"description\":\"Mantras und spirituelle Lieder auf Gitarre lernen,  Musik von Herz zu Herz\",\"potentialAction\":[{\"@type\":\"SearchAction\",\"target\":{\"@type\":\"EntryPoint\",\"urlTemplate\":\"https:\\\/\\\/nancyhaywood.com\\\/?s={search_term_string}\"},\"query-input\":{\"@type\":\"PropertyValueSpecification\",\"valueRequired\":true,\"valueName\":\"search_term_string\"}}],\"inLanguage\":\"en-GB\"}]}<\/script>\n<!-- \/ Yoast SEO plugin. -->","yoast_head_json":{"title":"Harmonium Songbook Mantra & Medicine Music","description":"Harmonium Songbook Mantra & Medicine Music - lerne neue Mantren und spirituelle Weltlieder f\u00fcr deinen Singkreis, Frauenkreis oder Heilkreis","robots":{"index":"index","follow":"follow","max-snippet":"max-snippet:-1","max-image-preview":"max-image-preview:large","max-video-preview":"max-video-preview:-1"},"canonical":"https:\/\/nancyhaywood.com\/en\/product\/harmonium-songbook-mantra-medicine-music-basis-songbook-live-workshop\/","og_locale":"en_GB","og_type":"article","og_title":"Harmonium Songbook Mantra & Medicine Music","og_description":"Harmonium Songbook Mantra & Medicine Music - lerne neue Mantren und spirituelle Weltlieder f\u00fcr deinen Singkreis, Frauenkreis oder Heilkreis","og_url":"https:\/\/nancyhaywood.com\/en\/product\/harmonium-songbook-mantra-medicine-music-basis-songbook-live-workshop\/","og_site_name":"nancyhaywood.com","article_modified_time":"2025-09-19T14:09:08+00:00","og_image":[{"width":1414,"height":2000,"url":"https:\/\/nancyhaywood.com\/wp-content\/uploads\/2025\/02\/Kalender-Titelbild-final.jpg","type":"image\/jpeg"}],"twitter_card":"summary_large_image","twitter_misc":{"Estimated reading time":"3 minutes"},"schema":{"@context":"https:\/\/schema.org","@graph":[{"@type":"WebPage","@id":"https:\/\/nancyhaywood.com\/produkt\/harmonium-songbook-mantra-medicine-music-basis-songbook-live-workshop\/","url":"https:\/\/nancyhaywood.com\/produkt\/harmonium-songbook-mantra-medicine-music-basis-songbook-live-workshop\/","name":"Harmonium Songbook Mantra & Medicine Music","isPartOf":{"@id":"https:\/\/nancyhaywood.com\/#website"},"primaryImageOfPage":{"@id":"https:\/\/nancyhaywood.com\/produkt\/harmonium-songbook-mantra-medicine-music-basis-songbook-live-workshop\/#primaryimage"},"image":{"@id":"https:\/\/nancyhaywood.com\/produkt\/harmonium-songbook-mantra-medicine-music-basis-songbook-live-workshop\/#primaryimage"},"thumbnailUrl":"https:\/\/nancyhaywood.com\/wp-content\/uploads\/2025\/02\/Kalender-Titelbild-final.jpg","datePublished":"2025-03-15T17:57:20+00:00","dateModified":"2025-09-19T14:09:08+00:00","description":"Harmonium Songbook Mantra & Medicine Music - lerne neue Mantren und spirituelle Weltlieder f\u00fcr deinen Singkreis, Frauenkreis oder Heilkreis","breadcrumb":{"@id":"https:\/\/nancyhaywood.com\/produkt\/harmonium-songbook-mantra-medicine-music-basis-songbook-live-workshop\/#breadcrumb"},"inLanguage":"en-GB","potentialAction":[{"@type":"ReadAction","target":["https:\/\/nancyhaywood.com\/produkt\/harmonium-songbook-mantra-medicine-music-basis-songbook-live-workshop\/"]}]},{"@type":"ImageObject","inLanguage":"en-GB","@id":"https:\/\/nancyhaywood.com\/produkt\/harmonium-songbook-mantra-medicine-music-basis-songbook-live-workshop\/#primaryimage","url":"https:\/\/nancyhaywood.com\/wp-content\/uploads\/2025\/02\/Kalender-Titelbild-final.jpg","contentUrl":"https:\/\/nancyhaywood.com\/wp-content\/uploads\/2025\/02\/Kalender-Titelbild-final.jpg","width":1414,"height":2000},{"@type":"BreadcrumbList","@id":"https:\/\/nancyhaywood.com\/produkt\/harmonium-songbook-mantra-medicine-music-basis-songbook-live-workshop\/#breadcrumb","itemListElement":[{"@type":"ListItem","position":1,"name":"Startseite","item":"https:\/\/nancyhaywood.com\/"},{"@type":"ListItem","position":2,"name":"Shop","item":"https:\/\/nancyhaywood.com\/shop\/"},{"@type":"ListItem","position":3,"name":"Harmonium Songbook Mantra &#038; Medicine Music: Basis-Songbook + ONLINE Live-Workshop"}]},{"@type":"WebSite","@id":"https:\/\/nancyhaywood.com\/#website","url":"https:\/\/nancyhaywood.com\/","name":"nancyhaywood.com","description":"Mantras und spirituelle Lieder auf Gitarre lernen,  Musik von Herz zu Herz","potentialAction":[{"@type":"SearchAction","target":{"@type":"EntryPoint","urlTemplate":"https:\/\/nancyhaywood.com\/?s={search_term_string}"},"query-input":{"@type":"PropertyValueSpecification","valueRequired":true,"valueName":"search_term_string"}}],"inLanguage":"en-GB"}]}},"_links":{"self":[{"href":"https:\/\/nancyhaywood.com\/en\/wp-json\/wp\/v2\/product\/13977","targetHints":{"allow":["GET"]}}],"collection":[{"href":"https:\/\/nancyhaywood.com\/en\/wp-json\/wp\/v2\/product"}],"about":[{"href":"https:\/\/nancyhaywood.com\/en\/wp-json\/wp\/v2\/types\/product"}],"replies":[{"embeddable":true,"href":"https:\/\/nancyhaywood.com\/en\/wp-json\/wp\/v2\/comments?post=13977"}],"wp:featuredmedia":[{"embeddable":true,"href":"https:\/\/nancyhaywood.com\/en\/wp-json\/wp\/v2\/media\/13920"}],"wp:attachment":[{"href":"https:\/\/nancyhaywood.com\/en\/wp-json\/wp\/v2\/media?parent=13977"}],"wp:term":[{"taxonomy":"product_brand","embeddable":true,"href":"https:\/\/nancyhaywood.com\/en\/wp-json\/wp\/v2\/product_brand?post=13977"},{"taxonomy":"product_cat","embeddable":true,"href":"https:\/\/nancyhaywood.com\/en\/wp-json\/wp\/v2\/product_cat?post=13977"},{"taxonomy":"product_tag","embeddable":true,"href":"https:\/\/nancyhaywood.com\/en\/wp-json\/wp\/v2\/product_tag?post=13977"}],"curies":[{"name":"wp","href":"https:\/\/api.w.org\/{rel}","templated":true}]}}