{"id":1998,"date":"2023-01-09T09:54:53","date_gmt":"2023-01-09T08:54:53","guid":{"rendered":"https:\/\/nancyhaywood.com\/?post_type=product&#038;p=1998"},"modified":"2025-09-19T16:06:00","modified_gmt":"2025-09-19T14:06:00","slug":"collection-of-heart-songs-ebook-mantra-medicine-music-songbook-by-nancy-haywood","status":"publish","type":"product","link":"https:\/\/nancyhaywood.com\/en\/product\/collection-of-heart-songs-ebook-mantra-medicine-music-songbook-by-nancy-haywood\/","title":{"rendered":"Collection of heart Songs eBook:  Mantra &#038; Medicine Music Songbook by Nancy Haywood"},"content":{"rendered":"<p><b>Entdecke mein digitales Songbook: Collection of heart songs &#8211; &#8220;Mantra &amp; Medicine Music Songbook&#8221;!<\/b><\/p>\n<p>Als hingebugsvolle<span class=\"Apple-converted-space\">\u00a0 <\/span>Musikerin und Liebhaberin spiritueller Musik habe ich dieses eBook zusammengestellt, um dein Gitarrenspiel mit einer Sammlung inspirierender Mantras und Lieder zu bereichern. Mein Songbook bietet dir genau das und noch viel mehr!<\/p>\n<p><b>Was mein Songbook beinhaltet:<\/b><\/p>\n<ul>\n<li><b>33 Herz\u00f6ffnende Lieder plus 3 Bonus Songs<\/b>: Tauche ein in eine Welt voller spiritueller Sch\u00f6nheit mit einer vielf\u00e4ltigen Auswahl an Mantras und Liedern, die deine Seele ber\u00fchren werden.<\/li>\n<li><b>Akkorde, Texte, Anschlagtechniken und Zupfmuster<\/b>: Egal, ob du ein Anf\u00e4nger oder erfahrener Spieler bist, meine klaren Anweisungen und Diagramme machen es einfach, die Lieder auf deiner Gitarre zum Leben zu erwecken. (Anschlagtechniken sind angegeben in englischen mit \u00a0&#8220;down&#8221; und &#8220;up&#8221;, \u00a0also z.B. <strong>DDU UDU<\/strong> -\/und Zupftechnik (in Form der Abk\u00fcrzungen der Finger also <strong>DZMR<\/strong>)<\/li>\n<li><b>Video-Links f\u00fcr jedes Lied<\/b>: Mit einem Klick kannst du sehen und h\u00f6ren, wie die Lieder gespielt werden, um deine Lern- und Spielzeit zu optimieren.<\/li>\n<li><b>Akkordbilder<\/b>: Damit du jederzeit und \u00fcberall spielen kannst, biete ich Akkordbilder zu jedem Song.<span class=\"Apple-converted-space\">\u00a0<\/span><\/li>\n<li><b>Zus\u00e4tzliche Ressourcen<\/b>: Erfahre mehr \u00fcber die Bedeutung der Lieder, stimm deine Gitarre auf 432 Hertz und erhalte eine Akkordliste f\u00fcr Harmoniumspieler.<\/li>\n<li><b>Songbook als Ausdruckbares PDF<\/b>: Du kannst mein Songbook bequem als ausdruckbares PDF in DIN A4-Format herunterladen, sodass du auch offline jederzeit darauf zugreifen und spielen kannst.<\/li>\n<\/ul>\n<p><b>Neue Extras, die ich hinzugef\u00fcgt habe:<\/b><\/p>\n<ul>\n<li><b>YouTube Playliste und Schlag\/Zupftechnik Video<\/b>: Auf Seite 1 findest du nun die <strong>YouTube Playliste<\/strong> mit allen Liedern meines Songbooks, markiert in pink. Au\u00dferdem gibt es auf Seite 5 einen <strong>pink markierten Link zu einem Video<\/strong>, in dem ich ALLE Schlag und Zupftechniken einmal spiele. Den Link f\u00fcr das Englischsprachige Songbook habe ich hier auch nochmal hinzugef\u00fcgt, weil ich es dort etwas umfangreicher zeige.<\/li>\n<li><b>Infografik zur Akkord Tabelle<\/b>: Ich habe eine \u00fcbersichtliche Infografik zur Akkord Tabelle hinzugef\u00fcgt, um dir das Erlernen der Akkorde zu erleichtern.<\/li>\n<li><b>Tabellen nach Schwierigkeitsgrad mit Anschlag- und Zupftechniken<\/b>: Entdecke jetzt zwei neue Tabellen auf den Seiten 50-53 , die die Lieder nach Schwierigkeitsgrad sortieren. In diesen Tabellen sind die Anschlag- und Zupftechniken farblich gekennzeichnet, um dir bei der Auswahl geeigneter Lieder zu helfen.<\/li>\n<\/ul>\n<p><b>Kundenfeedback und zuk\u00fcnftige Entwicklungen:<\/b><\/p>\n<p>Bitte beachte, dass ich noch viele weitere Lieder habe, die ich plane, im Laufe der Zeit in das Songbook aufzunehmen. Sei also gespannt auf zuk\u00fcnftige Editionen, die die Sammlung noch weiter bereichern werden!<\/p>\n<p><b>Teile deine Erfahrungen mit mir!<\/b>: Dein Feedback ist mir sehr wichtig! Ich w\u00fcrde mich freuen, von deiner Erfahrung mit meinem Songbook zu h\u00f6ren. Hast du Anregungen, Lob oder konstruktive Kritik? Teile sie gerne mit mir, damit ich mein Produkt kontinuierlich verbessern kann und anderen Musikliebhabern eine noch bessere Erfahrung bieten kann.<\/p>\n<p><b>Warum mein Songbook?<\/b><\/p>\n<p>Entstanden aus meiner pers\u00f6nlichen Sammlung und meiner Liebe zur Musik, habe ich dieses Songbook entwickelt, um die Bed\u00fcrfnisse von Gitarrenspielern auf der Suche nach authentischen und zug\u00e4nglichen Mantras und spirituellen Liedern zu erf\u00fcllen. Von kleinen Zetteln bis hin zu einem umfangreichen eBook &#8211; diese Sammlung ist das Ergebnis jahrelanger Hingabe und Leidenschaft f\u00fcr Musik.<\/p>\n<p>Bereit, deine musikalische Reise zu beginnen? Bestelle noch heute mein &#8220;Mantra &amp; Medicine Music Songbook&#8221; und tauche ein in die Welt der spirituellen Kl\u00e4nge und heilenden Melodien!<\/p>\n<p><i>Verbundenheit durch Musik. Gemeinsam schwingen wir im Klang des Universums.<\/i><\/p>\n<p>&nbsp;<\/p>\n<p>&nbsp;<\/p>\n<p><strong>Folgende Titel findest du im Songbook, um deine Seele zu ber\u00fchren und deine Musikalit\u00e4t zu entfalten:<\/strong><\/p>\n<ol>\n<li><strong>Shiva Shambo<\/strong>: Tauche ein in die spirituelle Energie von Shiva mit diesem kraftvollen Mantra.<\/li>\n<li><strong>The river is flowing<\/strong>: Lass dich von der sanften Str\u00f6mung dieses Liedes tragen und sp\u00fcre die Verbundenheit mit dem Fluss des Lebens.<\/li>\n<li><strong>Trommle mein Herz<\/strong>: Ein Aufruf, dein Herz f\u00fcr die Sch\u00f6nheit des Lebens zu \u00f6ffnen und im Einklang mit dem Universum zu schlagen.<\/li>\n<li><strong>Cuatro Vientos<\/strong>: Sp\u00fcre die Kraft der vier Winde und lasse dich von ihrer Energie inspirieren.<\/li>\n<li><strong>Om Guru Om Guru Deva Deva<\/strong>: Verbinde dich mit dem g\u00f6ttlichen Licht und lasse die Kl\u00e4nge dieses Mantras deine Seele erheben.<\/li>\n<li><strong>Jai Jai Radha Ramana<\/strong>: Feiere die Liebe und Hingabe mit diesem Lied, das die Freude des spirituellen Herzens zum Ausdruck bringt.<\/li>\n<li><strong>Shri Ram Jaya Ram<\/strong>: Ein Loblied auf den g\u00f6ttlichen Aspekt des Lebens, das dich dazu einl\u00e4dt, die Pr\u00e4senz des G\u00f6ttlichen in dir zu erkennen.<\/li>\n<li><strong>Maha Mantra \/ Hare Krishna<\/strong>: Singe das m\u00e4chtige Maha Mantra und erlebe die transformative Kraft der g\u00f6ttlichen Liebe.<\/li>\n<li><strong>Om Mata Kali<\/strong>: Tauche ein in die mystische Welt von Kali, der G\u00f6ttin der Zeit und der Transformation.<\/li>\n<li><strong>Ganapati Om<\/strong>: Ruf den Segen von Ganapati an, um Hindernisse zu \u00fcberwinden und auf deinem spirituellen Weg voranzukommen.<\/li>\n<li><strong>Govinda Narayana<\/strong>: Feiere die g\u00f6ttliche Herrlichkeit mit diesem inspirierenden Mantra.<\/li>\n<li><strong>Jay Shri Ma<\/strong>: Preisung der g\u00f6ttlichen Mutter, die uns mit Liebe und Schutz umh\u00fcllt.<\/li>\n<li><strong>All I have to do<\/strong>: Eine einfache Erinnerung daran, dass wir uns manchmal einfach dem Fluss des Lebens hingeben m\u00fcssen.<\/li>\n<li><strong>Gayatri Mantra<\/strong>: Erfahre die heilende Kraft des Gayatri Mantras und lasse sein Licht in dein Leben strahlen.<\/li>\n<li><strong>Devi Devi Devi<\/strong>: Verbinde dich mit der G\u00f6ttlichen Weiblichkeit und empfange ihre Liebe und Segen.<\/li>\n<li><strong>Mitakuy\u00e9 Oyasin<\/strong>: Ein Ausdruck der Dankbarkeit und Verbundenheit mit allem, was existiert.<\/li>\n<li><strong>Gate Gate<\/strong>: Reise durch die Pforten der Erleuchtung und finde inneren Frieden.<\/li>\n<li><strong>Gopala Gopala<\/strong>: Ruf nach der g\u00f6ttlichen F\u00fchrung und erlebe die Liebe und F\u00fcrsorge Gopals.<\/li>\n<li><strong>Om Tare Tuttare Ture Soha<\/strong>: Verbinde dich mit der befreienden Energie von Tara, der G\u00f6ttin des Mitgef\u00fchls und des Schutzes.<\/li>\n<li><strong>Jaya Sita Ram<\/strong>: Feiere die Liebe von Sita und Ram und lasse dich von ihrer Geschichte inspirieren.<\/li>\n<li><strong>Deep into the heart we go<\/strong>: Tauche tief in dein Herz ein und entdecke dort die unendliche Quelle der Liebe.<\/li>\n<li><strong>Om Aim Saraswati<\/strong>: Ruf nach der Weisheit und Inspiration von Saraswati, der G\u00f6ttin des Wissens und der K\u00fcnste.<\/li>\n<li><strong>Guru Deva Ki<\/strong>: Verneige dich vor dem spirituellen Lehrer und empfange seine Segnungen.<\/li>\n<li><strong>Shankara Karunakara<\/strong>: Erfahre die Gnade und Barmherzigkeit von Shiva, dem Erhalter des Universums.<\/li>\n<li><strong>Om Namo Guru Dev Namo<\/strong>: Eine Huldigung an die g\u00f6ttliche Weisheit und F\u00fchrung.<\/li>\n<li><strong>Sachara Chara Pari Purna<\/strong>: Erfahre die Vollkommenheit des Universums und erkenne deine eigene Vollkommenheit.<\/li>\n<li><strong>Jisa Hala Me<\/strong>: Tauche ein in die Freude des Seins und sp\u00fcre die Leichtigkeit des Lebens.<\/li>\n<li><strong>We are one in the spirit<\/strong>: Erfahre die Einheit aller Wesen im Geist und sp\u00fcre die Verbundenheit mit allem, was existiert.<\/li>\n<li><strong>He Yama Yo<\/strong>: Ein Ruf nach spiritueller St\u00e4rke und Entschlossenheit.<\/li>\n<li><strong>Om Sat Chit Ananda \/ Moola Mantra<\/strong>: Verbinde dich mit dem ewigen Sein<\/li>\n<li><strong>Lokah Samastah<\/strong>:\u00a0F\u00fcr das Gl\u00fcck aller Wesen.<\/li>\n<li><strong>Om Arunachala Om<\/strong>: Anbetung von Shiva und Arunachala.<\/li>\n<li><strong>Atme den Wind<\/strong>: Verbundenheit mit der Natur und dem Atem.<\/li>\n<li><strong>BONUS Om Tryambakam<\/strong>: Heilung und Schutz durch Shiva.<\/li>\n<li><strong>BONUS Hanuman Bolo<\/strong>: Bitte um St\u00e4rke und Schutz von Hanuman.<\/li>\n<li><strong>BONUS Gayatri Mantra<\/strong>: Erleuchtung und g\u00f6ttliche Weisheit durch Gayatri.<\/li>\n<\/ol>\n<p>&nbsp;<\/p>\n<p>&nbsp;<\/p>\n<p><em>Als Kleinunternehmer im Sinne des \u00a7 19 Abs. 1 Umsatzsteuergesetz (UStG) f\u00e4llt keine Umsatzsteuer an.<\/em><\/p>\n<p>&nbsp;<\/p>\n<p><strong>Hinweis zum digitalen Produkt:<\/strong><\/p>\n<p>Es handelt sich bei diesem Produkt um einen digitalen Inhalt (z.\u202fB. PDF, Audio-Datei), der nach dem Kauf sofort zum Download bereitgestellt oder per E-Mail versendet wird.<\/p>\n<p>Ein Widerrufsrecht besteht gem\u00e4\u00df \u00a7\u202f356 Abs.\u202f5 BGB nicht, sobald der Download erfolgt ist bzw. die Datei ge\u00f6ffnet wurde.<\/p>\n<p>Mit dem Kauf stimmst du ausdr\u00fccklich zu, dass die Ausf\u00fchrung des Vertrags vor Ablauf der Widerrufsfrist beginnt und dein Widerrufsrecht dadurch erlischt.<\/p>","protected":false},"excerpt":{"rendered":"<p><b>Entdecke mein digitales Songbook: Collection of heart songs &#8211; &#8220;Mantra &amp; Medicine Music Songbook&#8221;!<\/b><\/p>\n<p>Als hingebugsvolle<span class=\"Apple-converted-space\">\u00a0 <\/span>Musikerin und Liebhaberin spiritueller Musik habe ich dieses eBook zusammengestellt, um dein Gitarrenspiel mit einer Sammlung inspirierender Mantras und Lieder zu bereichern. Mein Songbook bietet dir genau das und noch viel mehr!<\/p>\n<p><b>Was mein Songbook beinhaltet:<\/b><\/p>\n<ul>\n<li><b>33 Herz\u00f6ffnende Lieder plus 3 Bonus Songs<\/b>: Tauche ein in eine Welt voller spiritueller Sch\u00f6nheit mit einer vielf\u00e4ltigen Auswahl an Mantras und Liedern, die deine Seele ber\u00fchren werden.<\/li>\n<li><b>Akkorde, Texte, Anschlagtechniken und Zupfmuster<\/b>: Egal, ob du ein Anf\u00e4nger oder erfahrener Spieler bist, meine klaren Anweisungen und Diagramme machen es einfach, die Lieder auf deiner Gitarre zum Leben zu erwecken. (Anschlagtechniken sind angegeben in englischen mit \u00a0&#8220;down&#8221; und &#8220;up&#8221;, \u00a0also z.B. <strong>DDU UDU<\/strong> -\/und Zupftechnik (in Form der Abk\u00fcrzungen der Finger also <strong>DZMR<\/strong>)<\/li>\n<li><b>Video-Links f\u00fcr jedes Lied<\/b>: Mit einem Klick kannst du sehen und h\u00f6ren, wie die Lieder gespielt werden, um deine Lern- und Spielzeit zu optimieren.<\/li>\n<li><b>Akkordbilder<\/b>: Damit du jederzeit und \u00fcberall spielen kannst, biete ich Akkordbilder zu jedem Song.<\/li>\n<li><b>Zus\u00e4tzliche Ressourcen<\/b>: Erfahre mehr \u00fcber die Bedeutung der Lieder, stimm deine Gitarre auf 432 Hertz und erhalte eine Akkordliste f\u00fcr Harmoniumspieler.<\/li>\n<li><b>Songbook als Ausdruckbares PDF<\/b>: Du kannst mein Songbook bequem als ausdruckbares PDF in DIN A4-Format herunterladen, sodass du auch offline jederzeit darauf zugreifen und spielen kannst.<\/li>\n<\/ul>","protected":false},"featured_media":9568,"comment_status":"open","ping_status":"closed","template":"","meta":{"give_campaign_id":0},"product_brand":[],"product_cat":[20],"product_tag":[51,80,41,81,39,24,35,40,89],"class_list":{"0":"post-1998","1":"product","2":"type-product","3":"status-publish","4":"has-post-thumbnail","6":"product_cat-songbook","7":"product_tag-gitarre","8":"product_tag-gitarre-spielen","9":"product_tag-mantra","10":"product_tag-mantra-gitarre","11":"product_tag-mantra-songbook","12":"product_tag-medicine-music","13":"product_tag-nancy-haywood","14":"product_tag-nancy-haywood-songbook","15":"product_tag-spirituelle-lieder","17":"entry","18":"has-media","20":"first","21":"instock","22":"downloadable","23":"shipping-taxable","24":"purchasable","25":"product-type-simple","26":"has-rating","27":"has-product-nav","28":"col","29":"span_1_of_3","30":"owp-content-center","31":"owp-thumbs-layout-horizontal","32":"owp-btn-normal","33":"owp-tabs-layout-section"},"yoast_head":"<!-- This site is optimized with the Yoast SEO plugin v27.4 - https:\/\/yoast.com\/product\/yoast-seo-wordpress\/ -->\n<title>collection-of-heart-songs-mantra-medicine-music-songbook<\/title>\n<meta name=\"description\" content=\"Mantra Gitarren Songbook - lerne neue Mantren und andere spirituelle Lieder f\u00fcr deinen Singkreis, Frauenkreis oder Heilkreis\" \/>\n<meta name=\"robots\" content=\"index, follow, max-snippet:-1, max-image-preview:large, max-video-preview:-1\" \/>\n<link rel=\"canonical\" href=\"https:\/\/nancyhaywood.com\/en\/product\/collection-of-heart-songs-ebook-mantra-medicine-music-songbook-by-nancy-haywood\/\" \/>\n<meta property=\"og:locale\" content=\"en_GB\" \/>\n<meta property=\"og:type\" content=\"article\" \/>\n<meta property=\"og:title\" content=\"collection-of-heart-songs-mantra-medicine-music-songbook\" \/>\n<meta property=\"og:description\" content=\"Mantra Gitarren Songbook - lerne neue Mantren und andere spirituelle Lieder f\u00fcr deinen Singkreis, Frauenkreis oder Heilkreis\" \/>\n<meta property=\"og:url\" content=\"https:\/\/nancyhaywood.com\/en\/product\/collection-of-heart-songs-ebook-mantra-medicine-music-songbook-by-nancy-haywood\/\" \/>\n<meta property=\"og:site_name\" content=\"nancyhaywood.com\" \/>\n<meta property=\"article:modified_time\" content=\"2025-09-19T14:06:00+00:00\" \/>\n<meta property=\"og:image\" content=\"https:\/\/nancyhaywood.com\/wp-content\/uploads\/2024\/03\/Collection-of-heart-songs-Nancy-Haywood-jpg.webp\" \/>\n\t<meta property=\"og:image:width\" content=\"976\" \/>\n\t<meta property=\"og:image:height\" content=\"1008\" \/>\n\t<meta property=\"og:image:type\" content=\"image\/jpeg\" \/>\n<meta name=\"twitter:card\" content=\"summary_large_image\" \/>\n<meta name=\"twitter:label1\" content=\"Estimated reading time\" \/>\n\t<meta name=\"twitter:data1\" content=\"7 minutes\" \/>\n<script type=\"application\/ld+json\" class=\"yoast-schema-graph\">{\"@context\":\"https:\\\/\\\/schema.org\",\"@graph\":[{\"@type\":\"WebPage\",\"@id\":\"https:\\\/\\\/nancyhaywood.com\\\/produkt\\\/collection-of-heart-songs-ebook-mantra-medicine-music-songbook-by-nancy-haywood\\\/\",\"url\":\"https:\\\/\\\/nancyhaywood.com\\\/produkt\\\/collection-of-heart-songs-ebook-mantra-medicine-music-songbook-by-nancy-haywood\\\/\",\"name\":\"collection-of-heart-songs-mantra-medicine-music-songbook\",\"isPartOf\":{\"@id\":\"https:\\\/\\\/nancyhaywood.com\\\/#website\"},\"primaryImageOfPage\":{\"@id\":\"https:\\\/\\\/nancyhaywood.com\\\/produkt\\\/collection-of-heart-songs-ebook-mantra-medicine-music-songbook-by-nancy-haywood\\\/#primaryimage\"},\"image\":{\"@id\":\"https:\\\/\\\/nancyhaywood.com\\\/produkt\\\/collection-of-heart-songs-ebook-mantra-medicine-music-songbook-by-nancy-haywood\\\/#primaryimage\"},\"thumbnailUrl\":\"https:\\\/\\\/nancyhaywood.com\\\/wp-content\\\/uploads\\\/2024\\\/03\\\/Collection-of-heart-songs-Nancy-Haywood-jpg.webp\",\"datePublished\":\"2023-01-09T08:54:53+00:00\",\"dateModified\":\"2025-09-19T14:06:00+00:00\",\"description\":\"Mantra Gitarren Songbook - lerne neue Mantren und andere spirituelle Lieder f\u00fcr deinen Singkreis, Frauenkreis oder Heilkreis\",\"breadcrumb\":{\"@id\":\"https:\\\/\\\/nancyhaywood.com\\\/produkt\\\/collection-of-heart-songs-ebook-mantra-medicine-music-songbook-by-nancy-haywood\\\/#breadcrumb\"},\"inLanguage\":\"en-GB\",\"potentialAction\":[{\"@type\":\"ReadAction\",\"target\":[\"https:\\\/\\\/nancyhaywood.com\\\/produkt\\\/collection-of-heart-songs-ebook-mantra-medicine-music-songbook-by-nancy-haywood\\\/\"]}]},{\"@type\":\"ImageObject\",\"inLanguage\":\"en-GB\",\"@id\":\"https:\\\/\\\/nancyhaywood.com\\\/produkt\\\/collection-of-heart-songs-ebook-mantra-medicine-music-songbook-by-nancy-haywood\\\/#primaryimage\",\"url\":\"https:\\\/\\\/nancyhaywood.com\\\/wp-content\\\/uploads\\\/2024\\\/03\\\/Collection-of-heart-songs-Nancy-Haywood-jpg.webp\",\"contentUrl\":\"https:\\\/\\\/nancyhaywood.com\\\/wp-content\\\/uploads\\\/2024\\\/03\\\/Collection-of-heart-songs-Nancy-Haywood-jpg.webp\",\"width\":976,\"height\":1008},{\"@type\":\"BreadcrumbList\",\"@id\":\"https:\\\/\\\/nancyhaywood.com\\\/produkt\\\/collection-of-heart-songs-ebook-mantra-medicine-music-songbook-by-nancy-haywood\\\/#breadcrumb\",\"itemListElement\":[{\"@type\":\"ListItem\",\"position\":1,\"name\":\"Startseite\",\"item\":\"https:\\\/\\\/nancyhaywood.com\\\/\"},{\"@type\":\"ListItem\",\"position\":2,\"name\":\"Shop\",\"item\":\"https:\\\/\\\/nancyhaywood.com\\\/shop\\\/\"},{\"@type\":\"ListItem\",\"position\":3,\"name\":\"Collection of heart Songs eBook: Mantra &#038; Medicine Music Songbook by Nancy Haywood\"}]},{\"@type\":\"WebSite\",\"@id\":\"https:\\\/\\\/nancyhaywood.com\\\/#website\",\"url\":\"https:\\\/\\\/nancyhaywood.com\\\/\",\"name\":\"nancyhaywood.com\",\"description\":\"Mantras und spirituelle Lieder auf Gitarre lernen,  Musik von Herz zu Herz\",\"potentialAction\":[{\"@type\":\"SearchAction\",\"target\":{\"@type\":\"EntryPoint\",\"urlTemplate\":\"https:\\\/\\\/nancyhaywood.com\\\/?s={search_term_string}\"},\"query-input\":{\"@type\":\"PropertyValueSpecification\",\"valueRequired\":true,\"valueName\":\"search_term_string\"}}],\"inLanguage\":\"en-GB\"}]}<\/script>\n<!-- \/ Yoast SEO plugin. -->","yoast_head_json":{"title":"collection-of-heart-songs-mantra-medicine-music-songbook","description":"Mantra Gitarren Songbook - lerne neue Mantren und andere spirituelle Lieder f\u00fcr deinen Singkreis, Frauenkreis oder Heilkreis","robots":{"index":"index","follow":"follow","max-snippet":"max-snippet:-1","max-image-preview":"max-image-preview:large","max-video-preview":"max-video-preview:-1"},"canonical":"https:\/\/nancyhaywood.com\/en\/product\/collection-of-heart-songs-ebook-mantra-medicine-music-songbook-by-nancy-haywood\/","og_locale":"en_GB","og_type":"article","og_title":"collection-of-heart-songs-mantra-medicine-music-songbook","og_description":"Mantra Gitarren Songbook - lerne neue Mantren und andere spirituelle Lieder f\u00fcr deinen Singkreis, Frauenkreis oder Heilkreis","og_url":"https:\/\/nancyhaywood.com\/en\/product\/collection-of-heart-songs-ebook-mantra-medicine-music-songbook-by-nancy-haywood\/","og_site_name":"nancyhaywood.com","article_modified_time":"2025-09-19T14:06:00+00:00","og_image":[{"width":976,"height":1008,"url":"https:\/\/nancyhaywood.com\/wp-content\/uploads\/2024\/03\/Collection-of-heart-songs-Nancy-Haywood-jpg.webp","type":"image\/jpeg"}],"twitter_card":"summary_large_image","twitter_misc":{"Estimated reading time":"7 minutes"},"schema":{"@context":"https:\/\/schema.org","@graph":[{"@type":"WebPage","@id":"https:\/\/nancyhaywood.com\/produkt\/collection-of-heart-songs-ebook-mantra-medicine-music-songbook-by-nancy-haywood\/","url":"https:\/\/nancyhaywood.com\/produkt\/collection-of-heart-songs-ebook-mantra-medicine-music-songbook-by-nancy-haywood\/","name":"collection-of-heart-songs-mantra-medicine-music-songbook","isPartOf":{"@id":"https:\/\/nancyhaywood.com\/#website"},"primaryImageOfPage":{"@id":"https:\/\/nancyhaywood.com\/produkt\/collection-of-heart-songs-ebook-mantra-medicine-music-songbook-by-nancy-haywood\/#primaryimage"},"image":{"@id":"https:\/\/nancyhaywood.com\/produkt\/collection-of-heart-songs-ebook-mantra-medicine-music-songbook-by-nancy-haywood\/#primaryimage"},"thumbnailUrl":"https:\/\/nancyhaywood.com\/wp-content\/uploads\/2024\/03\/Collection-of-heart-songs-Nancy-Haywood-jpg.webp","datePublished":"2023-01-09T08:54:53+00:00","dateModified":"2025-09-19T14:06:00+00:00","description":"Mantra Gitarren Songbook - lerne neue Mantren und andere spirituelle Lieder f\u00fcr deinen Singkreis, Frauenkreis oder Heilkreis","breadcrumb":{"@id":"https:\/\/nancyhaywood.com\/produkt\/collection-of-heart-songs-ebook-mantra-medicine-music-songbook-by-nancy-haywood\/#breadcrumb"},"inLanguage":"en-GB","potentialAction":[{"@type":"ReadAction","target":["https:\/\/nancyhaywood.com\/produkt\/collection-of-heart-songs-ebook-mantra-medicine-music-songbook-by-nancy-haywood\/"]}]},{"@type":"ImageObject","inLanguage":"en-GB","@id":"https:\/\/nancyhaywood.com\/produkt\/collection-of-heart-songs-ebook-mantra-medicine-music-songbook-by-nancy-haywood\/#primaryimage","url":"https:\/\/nancyhaywood.com\/wp-content\/uploads\/2024\/03\/Collection-of-heart-songs-Nancy-Haywood-jpg.webp","contentUrl":"https:\/\/nancyhaywood.com\/wp-content\/uploads\/2024\/03\/Collection-of-heart-songs-Nancy-Haywood-jpg.webp","width":976,"height":1008},{"@type":"BreadcrumbList","@id":"https:\/\/nancyhaywood.com\/produkt\/collection-of-heart-songs-ebook-mantra-medicine-music-songbook-by-nancy-haywood\/#breadcrumb","itemListElement":[{"@type":"ListItem","position":1,"name":"Startseite","item":"https:\/\/nancyhaywood.com\/"},{"@type":"ListItem","position":2,"name":"Shop","item":"https:\/\/nancyhaywood.com\/shop\/"},{"@type":"ListItem","position":3,"name":"Collection of heart Songs eBook: Mantra &#038; Medicine Music Songbook by Nancy Haywood"}]},{"@type":"WebSite","@id":"https:\/\/nancyhaywood.com\/#website","url":"https:\/\/nancyhaywood.com\/","name":"nancyhaywood.com","description":"Mantras und spirituelle Lieder auf Gitarre lernen,  Musik von Herz zu Herz","potentialAction":[{"@type":"SearchAction","target":{"@type":"EntryPoint","urlTemplate":"https:\/\/nancyhaywood.com\/?s={search_term_string}"},"query-input":{"@type":"PropertyValueSpecification","valueRequired":true,"valueName":"search_term_string"}}],"inLanguage":"en-GB"}]}},"_links":{"self":[{"href":"https:\/\/nancyhaywood.com\/en\/wp-json\/wp\/v2\/product\/1998","targetHints":{"allow":["GET"]}}],"collection":[{"href":"https:\/\/nancyhaywood.com\/en\/wp-json\/wp\/v2\/product"}],"about":[{"href":"https:\/\/nancyhaywood.com\/en\/wp-json\/wp\/v2\/types\/product"}],"replies":[{"embeddable":true,"href":"https:\/\/nancyhaywood.com\/en\/wp-json\/wp\/v2\/comments?post=1998"}],"wp:featuredmedia":[{"embeddable":true,"href":"https:\/\/nancyhaywood.com\/en\/wp-json\/wp\/v2\/media\/9568"}],"wp:attachment":[{"href":"https:\/\/nancyhaywood.com\/en\/wp-json\/wp\/v2\/media?parent=1998"}],"wp:term":[{"taxonomy":"product_brand","embeddable":true,"href":"https:\/\/nancyhaywood.com\/en\/wp-json\/wp\/v2\/product_brand?post=1998"},{"taxonomy":"product_cat","embeddable":true,"href":"https:\/\/nancyhaywood.com\/en\/wp-json\/wp\/v2\/product_cat?post=1998"},{"taxonomy":"product_tag","embeddable":true,"href":"https:\/\/nancyhaywood.com\/en\/wp-json\/wp\/v2\/product_tag?post=1998"}],"curies":[{"name":"wp","href":"https:\/\/api.w.org\/{rel}","templated":true}]}}