{"id":4058,"date":"2023-03-05T09:41:12","date_gmt":"2023-03-05T08:41:12","guid":{"rendered":"https:\/\/nancyhaywood.com\/?post_type=product&#038;p=4058"},"modified":"2025-12-25T02:29:00","modified_gmt":"2025-12-25T01:29:00","slug":"medicine-song-workshop","status":"publish","type":"product","link":"https:\/\/nancyhaywood.com\/en\/product\/medicine-song-workshop\/","title":{"rendered":"Lerne 3 Medicine Songs f\u00fcr die Gitarre"},"content":{"rendered":"<h1><strong>WORKSHOP MEDICINE SONGS<\/strong><\/h1>\n<p>In dieser Aufzeichnung zeige ich dir diese 3 Songs:<\/p>\n<h2><span class=\"Apple-converted-space\"><b>\ud83c\udf31 River (I just close my eyes)<\/b><\/span><br \/>\n<b><span class=\"Apple-converted-space\">\ud83c\udf31\u00a0<\/span>Cuatro Vientos\u00a0<\/b><br \/>\n<b><span class=\"Apple-converted-space\">\ud83c\udf31\u00a0<\/span>Colibri Dorado<\/b><\/h2>\n<p>Du bekommst ein schnuckeliges PDF Booklet<br \/>\nmit allen Texten und Akkorden als PDF, sowie Tabulaturen f\u00fcr Colibri Dorado und Cuatro Vientos und ein paar zus\u00e4tzlichen Infos zu 432 Hz und wie du deine Gitarre umstimmen kannst.<\/p>\n<p>Ich erkl\u00e4re in dem Video detailliert alle Lieder mit Zupftechnik und Anschlagtechnik und habe das Video so geschnitten, dass du gleichzeitig die Texte, neben meiner Erkl\u00e4rung an der Gitarre sehen kannst, was ich super hilfreich finde.<\/p>\n<p><strong>\u22d9\u00a0Alle\u00a0Texte mit Akkorden<\/strong><br \/>\n<strong>\u22d9\u00a0Tabulator f\u00fcr zwei Lieder (Cuatro Vientos &amp; Colibri Dorado)<\/strong><br \/>\n<strong>\u22d9 Video Aufzeichnung in 1080p HD Qualit\u00e4t<\/strong><br \/>\n<strong>\u22d9 mit Liebe kreiertes Booklet mit weiteren Infos<\/strong><\/p>\n<p><strong>Medicine Songs<\/strong> sind Lieder, Mantras und Chants aus aller Welt, die durch traditionelle Lieder der indigenen V\u00f6lker S\u00fcdamerikas inspiriert sind. Durch das Singen der Lieder sollen die eigenen Heilkr\u00e4fte aktiviert werden. Sie werden auch zusammen mit ritueller Pflanzenmedizin (z.B. Ayahuasca) von Schamanen angewandt, allerdings in etwas anderer Form als wir sie hier lernen werden.<\/p>\n<p>\u00c4hnlich wie beim rituellen Trommeln und meditativen Singen sagen viele Schamanen, dass die Worte \u2013 die mehrere Sprachen und Dialekte umfassen k\u00f6nnen \u2013 nicht so wichtig sind wie der Ton, die Frequenz und die Resonanz deiner Stimme.<\/p>\n<p>&#8212;&#8212;&#8212;&#8212;&#8212;&#8212;&#8212;&#8212;&#8212;&#8212;&#8212;&#8212;&#8212;&#8212;&#8212;&#8212;<\/p>\n<p>Alles Liebe und viel Freude beim spielen \ud83e\udd8b<\/p>\n<p>Deine Nancy<\/p>","protected":false},"excerpt":{"rendered":"<h1>In dieser Aufzeichnung zeige ich dir diese 3 Songs:<\/h1>\n<h2><span class=\"Apple-converted-space\"><b>\ud83c\udf31 River (I just close my eyes)<\/b><\/span><br \/>\n<b><span class=\"Apple-converted-space\">\ud83c\udf31\u00a0<\/span>Cuatro Vientos\u00a0<\/b><br \/>\n<b><span class=\"Apple-converted-space\">\ud83c\udf31\u00a0<\/span>Colibri Dorado<\/b><\/h2>\n<p><strong>\u22d9\u00a0Alle\u00a0Texte mit Akkorden und Tabulator f\u00fcr zwei Lieder (Cuatro Vientos &amp; Colibri Dorado)<\/strong><br \/>\n<strong>\u22d9 Video Aufzeichnung in 1080p HD Qualit\u00e4t<\/strong><br \/>\n<strong>\u22d9 mit Liebe kreiertes Booklet mit weiteren Infos<\/strong><br \/>\n<strong>\u22d9 Video Aufzeichnung als Link (L\u00e4nge des Videos: 1 Stunde 13 Minuten)<\/strong><\/p>\n<p>Hier bekommst du einen kleinen Einblick in das Video:\u00a0<a href=\"https:\/\/youtu.be\/-AslRR2bMWQ\">https:\/\/youtu.be\/-AslRR2bMWQ<\/a><\/p>\n<p><strong>Video mit Inhaltsangabe:<\/strong><\/p>\n<p>00:00 Beginn<br \/>\n00:40 Cuatro Vientos<br \/>\n15:15 River I just close my eyes<br \/>\n39:00 Colibri Dorado<\/p>","protected":false},"featured_media":0,"comment_status":"open","ping_status":"closed","template":"","meta":{"give_campaign_id":0},"product_brand":[],"product_cat":[21,22,23],"product_tag":[51,26,50,24,25],"class_list":{"0":"post-4058","1":"product","2":"type-product","3":"status-publish","5":"product_cat-gitarrenkurs","6":"product_cat-tutorials","7":"product_cat-workshop","8":"product_tag-gitarre","9":"product_tag-mantra-musik","10":"product_tag-mantras-auf-gitarre-lernen","11":"product_tag-medicine-music","12":"product_tag-nancy-haywood-workshop","14":"entry","16":"first","17":"instock","18":"downloadable","19":"shipping-taxable","20":"purchasable","21":"product-type-simple","22":"has-product-nav","23":"col","24":"span_1_of_3","25":"owp-content-center","26":"owp-thumbs-layout-horizontal","27":"owp-btn-normal","28":"owp-tabs-layout-section"},"yoast_head":"<!-- This site is optimized with the Yoast SEO plugin v27.3 - https:\/\/yoast.com\/product\/yoast-seo-wordpress\/ -->\n<title>Aufzeichnung Online Medicine Song Workshop by Nancy Haywood<\/title>\n<meta name=\"description\" content=\"Gitarren Tutorial Online Medicine Song workshop mit den Liedern Cuatro\u00a0Vientos, River (I just close my eyes) und Colibri Dorado.\" \/>\n<meta name=\"robots\" content=\"index, follow, max-snippet:-1, max-image-preview:large, max-video-preview:-1\" \/>\n<link rel=\"canonical\" href=\"https:\/\/nancyhaywood.com\/en\/product\/medicine-song-workshop\/\" \/>\n<meta property=\"og:locale\" content=\"en_GB\" \/>\n<meta property=\"og:type\" content=\"article\" \/>\n<meta property=\"og:title\" content=\"Aufzeichnung Online Medicine Song Workshop by Nancy Haywood\" \/>\n<meta property=\"og:description\" content=\"Gitarren Tutorial Online Medicine Song workshop mit den Liedern Cuatro\u00a0Vientos, River (I just close my eyes) und Colibri Dorado.\" \/>\n<meta property=\"og:url\" content=\"https:\/\/nancyhaywood.com\/en\/product\/medicine-song-workshop\/\" \/>\n<meta property=\"og:site_name\" content=\"nancyhaywood.com\" \/>\n<meta property=\"article:modified_time\" content=\"2025-12-25T01:29:00+00:00\" \/>\n<meta property=\"og:image\" content=\"https:\/\/nancyhaywood.com\/wp-content\/uploads\/2023\/08\/Universe-Spirituality-Photography-Blue-Instagram-Post-8.jpg\" \/>\n\t<meta property=\"og:image:width\" content=\"1080\" \/>\n\t<meta property=\"og:image:height\" content=\"1080\" \/>\n\t<meta property=\"og:image:type\" content=\"image\/jpeg\" \/>\n<meta name=\"twitter:card\" content=\"summary_large_image\" \/>\n<meta name=\"twitter:label1\" content=\"Estimated reading time\" \/>\n\t<meta name=\"twitter:data1\" content=\"2 minutes\" \/>\n<script type=\"application\/ld+json\" class=\"yoast-schema-graph\">{\"@context\":\"https:\\\/\\\/schema.org\",\"@graph\":[{\"@type\":\"WebPage\",\"@id\":\"https:\\\/\\\/nancyhaywood.com\\\/produkt\\\/medicine-song-workshop\\\/\",\"url\":\"https:\\\/\\\/nancyhaywood.com\\\/produkt\\\/medicine-song-workshop\\\/\",\"name\":\"Aufzeichnung Online Medicine Song Workshop by Nancy Haywood\",\"isPartOf\":{\"@id\":\"https:\\\/\\\/nancyhaywood.com\\\/#website\"},\"datePublished\":\"2023-03-05T08:41:12+00:00\",\"dateModified\":\"2025-12-25T01:29:00+00:00\",\"description\":\"Gitarren Tutorial Online Medicine Song workshop mit den Liedern Cuatro\u00a0Vientos, River (I just close my eyes) und Colibri Dorado.\",\"breadcrumb\":{\"@id\":\"https:\\\/\\\/nancyhaywood.com\\\/produkt\\\/medicine-song-workshop\\\/#breadcrumb\"},\"inLanguage\":\"en-GB\",\"potentialAction\":[{\"@type\":\"ReadAction\",\"target\":[\"https:\\\/\\\/nancyhaywood.com\\\/produkt\\\/medicine-song-workshop\\\/\"]}]},{\"@type\":\"BreadcrumbList\",\"@id\":\"https:\\\/\\\/nancyhaywood.com\\\/produkt\\\/medicine-song-workshop\\\/#breadcrumb\",\"itemListElement\":[{\"@type\":\"ListItem\",\"position\":1,\"name\":\"Startseite\",\"item\":\"https:\\\/\\\/nancyhaywood.com\\\/\"},{\"@type\":\"ListItem\",\"position\":2,\"name\":\"Shop\",\"item\":\"https:\\\/\\\/nancyhaywood.com\\\/shop\\\/\"},{\"@type\":\"ListItem\",\"position\":3,\"name\":\"Lerne 3 Medicine Songs f\u00fcr die Gitarre\"}]},{\"@type\":\"WebSite\",\"@id\":\"https:\\\/\\\/nancyhaywood.com\\\/#website\",\"url\":\"https:\\\/\\\/nancyhaywood.com\\\/\",\"name\":\"nancyhaywood.com\",\"description\":\"Mantras und spirituelle Lieder auf Gitarre lernen,  Musik von Herz zu Herz\",\"potentialAction\":[{\"@type\":\"SearchAction\",\"target\":{\"@type\":\"EntryPoint\",\"urlTemplate\":\"https:\\\/\\\/nancyhaywood.com\\\/?s={search_term_string}\"},\"query-input\":{\"@type\":\"PropertyValueSpecification\",\"valueRequired\":true,\"valueName\":\"search_term_string\"}}],\"inLanguage\":\"en-GB\"}]}<\/script>\n<!-- \/ Yoast SEO plugin. -->","yoast_head_json":{"title":"Aufzeichnung Online Medicine Song Workshop by Nancy Haywood","description":"Gitarren Tutorial Online Medicine Song workshop mit den Liedern Cuatro\u00a0Vientos, River (I just close my eyes) und Colibri Dorado.","robots":{"index":"index","follow":"follow","max-snippet":"max-snippet:-1","max-image-preview":"max-image-preview:large","max-video-preview":"max-video-preview:-1"},"canonical":"https:\/\/nancyhaywood.com\/en\/product\/medicine-song-workshop\/","og_locale":"en_GB","og_type":"article","og_title":"Aufzeichnung Online Medicine Song Workshop by Nancy Haywood","og_description":"Gitarren Tutorial Online Medicine Song workshop mit den Liedern Cuatro\u00a0Vientos, River (I just close my eyes) und Colibri Dorado.","og_url":"https:\/\/nancyhaywood.com\/en\/product\/medicine-song-workshop\/","og_site_name":"nancyhaywood.com","article_modified_time":"2025-12-25T01:29:00+00:00","og_image":[{"width":1080,"height":1080,"url":"https:\/\/nancyhaywood.com\/wp-content\/uploads\/2023\/08\/Universe-Spirituality-Photography-Blue-Instagram-Post-8.jpg","type":"image\/jpeg"}],"twitter_card":"summary_large_image","twitter_misc":{"Estimated reading time":"2 minutes"},"schema":{"@context":"https:\/\/schema.org","@graph":[{"@type":"WebPage","@id":"https:\/\/nancyhaywood.com\/produkt\/medicine-song-workshop\/","url":"https:\/\/nancyhaywood.com\/produkt\/medicine-song-workshop\/","name":"Aufzeichnung Online Medicine Song Workshop by Nancy Haywood","isPartOf":{"@id":"https:\/\/nancyhaywood.com\/#website"},"datePublished":"2023-03-05T08:41:12+00:00","dateModified":"2025-12-25T01:29:00+00:00","description":"Gitarren Tutorial Online Medicine Song workshop mit den Liedern Cuatro\u00a0Vientos, River (I just close my eyes) und Colibri Dorado.","breadcrumb":{"@id":"https:\/\/nancyhaywood.com\/produkt\/medicine-song-workshop\/#breadcrumb"},"inLanguage":"en-GB","potentialAction":[{"@type":"ReadAction","target":["https:\/\/nancyhaywood.com\/produkt\/medicine-song-workshop\/"]}]},{"@type":"BreadcrumbList","@id":"https:\/\/nancyhaywood.com\/produkt\/medicine-song-workshop\/#breadcrumb","itemListElement":[{"@type":"ListItem","position":1,"name":"Startseite","item":"https:\/\/nancyhaywood.com\/"},{"@type":"ListItem","position":2,"name":"Shop","item":"https:\/\/nancyhaywood.com\/shop\/"},{"@type":"ListItem","position":3,"name":"Lerne 3 Medicine Songs f\u00fcr die Gitarre"}]},{"@type":"WebSite","@id":"https:\/\/nancyhaywood.com\/#website","url":"https:\/\/nancyhaywood.com\/","name":"nancyhaywood.com","description":"Mantras und spirituelle Lieder auf Gitarre lernen,  Musik von Herz zu Herz","potentialAction":[{"@type":"SearchAction","target":{"@type":"EntryPoint","urlTemplate":"https:\/\/nancyhaywood.com\/?s={search_term_string}"},"query-input":{"@type":"PropertyValueSpecification","valueRequired":true,"valueName":"search_term_string"}}],"inLanguage":"en-GB"}]}},"_links":{"self":[{"href":"https:\/\/nancyhaywood.com\/en\/wp-json\/wp\/v2\/product\/4058","targetHints":{"allow":["GET"]}}],"collection":[{"href":"https:\/\/nancyhaywood.com\/en\/wp-json\/wp\/v2\/product"}],"about":[{"href":"https:\/\/nancyhaywood.com\/en\/wp-json\/wp\/v2\/types\/product"}],"replies":[{"embeddable":true,"href":"https:\/\/nancyhaywood.com\/en\/wp-json\/wp\/v2\/comments?post=4058"}],"wp:attachment":[{"href":"https:\/\/nancyhaywood.com\/en\/wp-json\/wp\/v2\/media?parent=4058"}],"wp:term":[{"taxonomy":"product_brand","embeddable":true,"href":"https:\/\/nancyhaywood.com\/en\/wp-json\/wp\/v2\/product_brand?post=4058"},{"taxonomy":"product_cat","embeddable":true,"href":"https:\/\/nancyhaywood.com\/en\/wp-json\/wp\/v2\/product_cat?post=4058"},{"taxonomy":"product_tag","embeddable":true,"href":"https:\/\/nancyhaywood.com\/en\/wp-json\/wp\/v2\/product_tag?post=4058"}],"curies":[{"name":"wp","href":"https:\/\/api.w.org\/{rel}","templated":true}]}}