{"id":9544,"date":"2024-03-27T09:48:58","date_gmt":"2024-03-27T08:48:58","guid":{"rendered":"https:\/\/nancyhaywood.com\/?post_type=product&#038;p=9544"},"modified":"2025-12-25T02:29:01","modified_gmt":"2025-12-25T01:29:01","slug":"i-choose-to-live-in-love-sam-garrett-gitarren-tutorial-nancy-haywood","status":"publish","type":"product","link":"https:\/\/nancyhaywood.com\/en\/product\/i-choose-to-live-in-love-sam-garrett-gitarren-tutorial-nancy-haywood\/","title":{"rendered":"I choose to live in love Tutorial DE"},"content":{"rendered":"<h1><\/h1>\n<h1><strong>Mit diesem von Herzen kreiertem Gitarren Tutorial\u00a0erh\u00e4lst du:<\/strong><\/h1>\n<p>&nbsp;<\/p>\n<h3>\u2661 \u00a0Ein Textblatt mit Text und Akkorden<br \/>\n\u2661 \u00a0Die Tabulatur des Gitarren Zupfmusters<br \/>\n\u2661 \u00a0Den Video Link zum offiziellen Tutorial auf meinem YouTube Kanal<br \/>\n\u2661 \u00a0Den Video Link zum Tutorial nur f\u00fcr dich<\/h3>\n<p>&nbsp;<\/p>\n<p>Du bekommst f\u00fcr <strong>\u201c I choose to live in love\u201d von Sam Garrett<\/strong>, (mein Video Tutorial so wie ich es in meinem offiziellen YouTube Video spiele) ein Video Tutorial, in dem ich dir<span class=\"Apple-converted-space\"> in <strong>Nahaufnahme<\/strong> erkl\u00e4re und\u00a0<\/span>zeige, wie du dieses Lied auf Gitarre spielst. Dies war mein bisher aufw\u00e4ndigstes Tutorial, da ich dir dort nicht nur das Zupfen erkl\u00e4re, sondern auch, wie du den Reggae Part spielst.<\/p>\n<p><strong>Folgende Akkorde kommen in diesem Lied vor: G, D, C, Am, Em<\/strong><\/p>\n<p><span class=\"Apple-converted-space\">Ich zeige dir die Akkorde, das Schlag-und Zupfmuster, und du bekommst gleichzeitig ein Mitspielvideo, wo ich das Lied durchspiele und dir gleichzeitig die Akkorde angezeigt werden, so das du das Lied mit deiner Gitarre begleiten kannst.<\/span><\/p>\n<p>Meine Gitarre ist bei fast allen <strong>Videos auf 432 Hz<\/strong> gestimmt. Ich schreibe das bei jedem Tutorial explizit dazu, und auch wie du deine Gitarre auf 432 Hz umstimmen kannst wenn du magst.<\/p>\n<p>Ich w\u00fcnsche dir ganz viel Freude beim \u00fcben, lernen, spielen und singen dieses zauberhaften Liedes, und dabei, es mit deiner Stimme und Intention in die Welt zu tragen.<\/p>\n<p>Alles Liebe f\u00fcr dich und dein Wirken\u00a0\u2661 m\u00f6gest du viele Herzen ber\u00fchren, und viele Seelen befl\u00fcgeln.<\/p>\n<p><strong>Danke f\u00fcr dein Unterst\u00fctzung und dein Vertrauen.<\/strong><br \/>\nVon Herz zu Herz,<\/p>\n<p>Deine Nancy<\/p>\n<p>Hier findest du noch weitere <strong>wundersch\u00f6ne Tutorials<\/strong> von spirituellen Liedern und Mantras: https:\/\/nancyhaywood.com\/mantra-gitarren-tutorials-nancy-haywood\/<\/p>\n<p>&#8212;&#8212;&#8212;&#8212;&#8212;&#8212;&#8212;&#8212;&#8212;&#8212;&#8212;&#8212;&#8212;&#8212;&#8212;&#8212;&#8212;&#8212;&#8212;&#8212;&#8212;&#8212;&#8212;&#8212;&#8212;&#8212;&#8212;&#8212;&#8212;&#8212;&#8212;&#8212;&#8212;&#8212;&#8212;&#8212;&#8212;&#8212;&#8212;&#8212;&#8212;&#8212;&#8212;&#8212;&#8212;&#8212;&#8212;&#8212;&#8211;<\/p>\n<p>Wenn du mir etwas Gutes tun magst und teilen magst wie deine Reise mit dem Lied voranschreitet, lass mir gern einen <strong>Kommentar in der Produktbeschreibung<\/strong>, oder auch gern auf meiner Google Business Seite<\/p>","protected":false},"excerpt":{"rendered":"<p>In meinem <strong>Gitarren Tutorial<\/strong> f\u00fcr das spirituelle Lied <strong>\u201c I choose to live in love&#8221;<\/strong><span class=\"Apple-converted-space\"><strong> von Sam Garrett<\/strong>, <\/span>begleite ich dich liebevoll auf diesem besonderen Weg. Gemeinsam tauchen wir ein in die <strong>sanften Kl\u00e4nge und heilsamen Schwingungen<\/strong> dieses Liedes, w\u00e4hrend ich dir Schritt f\u00fcr Schritt zeige, wie du es liebevoll auf deiner Gitarre zum Leben erwecken kannst.<span class=\"Apple-converted-space\">\u00a0<\/span><\/p>\n<p>Meine Anleitung ist mit Herz gestaltet und f\u00fchrt dich behutsam durch jede Nuance der Melodie.<span class=\"Apple-converted-space\">\u00a0<\/span><\/p>\n<p>So lernst du nicht nur die T\u00f6ne kennen, sondern sp\u00fcrst auch die tiefere Bedeutung des Liedes in deinem Inneren. Lass dich von der Magie der Musik und der Spiritualit\u00e4t verzaubern.<span class=\"Apple-converted-space\">\u00a0<\/span><\/p>\n<p>Wenn du bereit bist, diese Reise anzutreten, halte mein einf\u00fchlsames Gitarren Tutorial <strong>\u201cI choose to live in love\u201d <\/strong>in deinen H\u00e4nden und \u00f6ffne dich f\u00fcr eine Welt der <strong>Harmonie und Inspiration<\/strong>\ud83d\udcab<\/p>\n<h2><strong>Du\u00a0erh\u00e4lst:<\/strong><\/h2>\n<ul>\n<li>\n<h3>Ein PDF Textblatt mit Text und Akkorden<\/h3>\n<\/li>\n<li>\n<h3>Eine Tabulatur des Zupfmusters<\/h3>\n<\/li>\n<li>\n<h3>Den Reggae Teil erkl\u00e4rt<\/h3>\n<\/li>\n<li>\n<h3>Einen Video Link zum offiziellen Tutorial auf YouTube<\/h3>\n<\/li>\n<li>\n<h3>Einen Video Link zum Tutorial nur f\u00fcr dich \u2661<\/h3>\n<\/li>\n<\/ul>","protected":false},"featured_media":0,"comment_status":"open","ping_status":"closed","template":"","meta":{"give_campaign_id":0},"product_brand":[],"product_cat":[22],"product_tag":[97,41,29,27,75,30,98,99],"class_list":{"0":"post-9544","1":"product","2":"type-product","3":"status-publish","5":"product_cat-tutorials","6":"product_tag-i-choose-to-live-in-love","7":"product_tag-mantra","8":"product_tag-mantra-lernen","9":"product_tag-mantra-tutorial","10":"product_tag-mini-kurs","11":"product_tag-nancy-haywood-tutorial","12":"product_tag-sam-garrett","13":"product_tag-sam-garrett-tutorial","15":"entry","17":"first","18":"instock","19":"downloadable","20":"shipping-taxable","21":"purchasable","22":"product-type-simple","23":"has-product-nav","24":"col","25":"span_1_of_3","26":"owp-content-center","27":"owp-thumbs-layout-horizontal","28":"owp-btn-normal","29":"owp-tabs-layout-section"},"yoast_head":"<!-- This site is optimized with the Yoast SEO plugin v27.4 - https:\/\/yoast.com\/product\/yoast-seo-wordpress\/ -->\n<title>I-choose-to-live-in-love-sam-garrett-gitarren-tutorial-nancy-haywood<\/title>\n<meta name=\"description\" content=\"Das wundersch\u00f6ne Mantra I choose to live in love von Sam Garrett ber\u00fchrt die Herzen von vielen Menschen, lerne es auf der Gitarre zu spielen.\" \/>\n<meta name=\"robots\" content=\"index, follow, max-snippet:-1, max-image-preview:large, max-video-preview:-1\" \/>\n<link rel=\"canonical\" href=\"https:\/\/nancyhaywood.com\/en\/product\/i-choose-to-live-in-love-sam-garrett-gitarren-tutorial-nancy-haywood\/\" \/>\n<meta property=\"og:locale\" content=\"en_GB\" \/>\n<meta property=\"og:type\" content=\"article\" \/>\n<meta property=\"og:title\" content=\"I-choose-to-live-in-love-sam-garrett-gitarren-tutorial-nancy-haywood\" \/>\n<meta property=\"og:description\" content=\"Das wundersch\u00f6ne Mantra I choose to live in love von Sam Garrett ber\u00fchrt die Herzen von vielen Menschen, lerne es auf der Gitarre zu spielen.\" \/>\n<meta property=\"og:url\" content=\"https:\/\/nancyhaywood.com\/en\/product\/i-choose-to-live-in-love-sam-garrett-gitarren-tutorial-nancy-haywood\/\" \/>\n<meta property=\"og:site_name\" content=\"nancyhaywood.com\" \/>\n<meta property=\"article:modified_time\" content=\"2025-12-25T01:29:01+00:00\" \/>\n<meta property=\"og:image\" content=\"https:\/\/nancyhaywood.com\/wp-content\/uploads\/2024\/03\/Universe-Spirituality-Photography-Blue-Instagram-Post-2-1-jpg.webp\" \/>\n\t<meta property=\"og:image:width\" content=\"1080\" \/>\n\t<meta property=\"og:image:height\" content=\"1080\" \/>\n\t<meta property=\"og:image:type\" content=\"image\/jpeg\" \/>\n<meta name=\"twitter:card\" content=\"summary_large_image\" \/>\n<meta name=\"twitter:label1\" content=\"Estimated reading time\" \/>\n\t<meta name=\"twitter:data1\" content=\"2 minutes\" \/>\n<script type=\"application\/ld+json\" class=\"yoast-schema-graph\">{\"@context\":\"https:\\\/\\\/schema.org\",\"@graph\":[{\"@type\":\"WebPage\",\"@id\":\"https:\\\/\\\/nancyhaywood.com\\\/produkt\\\/i-choose-to-live-in-love-sam-garrett-gitarren-tutorial-nancy-haywood\\\/\",\"url\":\"https:\\\/\\\/nancyhaywood.com\\\/produkt\\\/i-choose-to-live-in-love-sam-garrett-gitarren-tutorial-nancy-haywood\\\/\",\"name\":\"I-choose-to-live-in-love-sam-garrett-gitarren-tutorial-nancy-haywood\",\"isPartOf\":{\"@id\":\"https:\\\/\\\/nancyhaywood.com\\\/#website\"},\"datePublished\":\"2024-03-27T08:48:58+00:00\",\"dateModified\":\"2025-12-25T01:29:01+00:00\",\"description\":\"Das wundersch\u00f6ne Mantra I choose to live in love von Sam Garrett ber\u00fchrt die Herzen von vielen Menschen, lerne es auf der Gitarre zu spielen.\",\"breadcrumb\":{\"@id\":\"https:\\\/\\\/nancyhaywood.com\\\/produkt\\\/i-choose-to-live-in-love-sam-garrett-gitarren-tutorial-nancy-haywood\\\/#breadcrumb\"},\"inLanguage\":\"en-GB\",\"potentialAction\":[{\"@type\":\"ReadAction\",\"target\":[\"https:\\\/\\\/nancyhaywood.com\\\/produkt\\\/i-choose-to-live-in-love-sam-garrett-gitarren-tutorial-nancy-haywood\\\/\"]}]},{\"@type\":\"BreadcrumbList\",\"@id\":\"https:\\\/\\\/nancyhaywood.com\\\/produkt\\\/i-choose-to-live-in-love-sam-garrett-gitarren-tutorial-nancy-haywood\\\/#breadcrumb\",\"itemListElement\":[{\"@type\":\"ListItem\",\"position\":1,\"name\":\"Startseite\",\"item\":\"https:\\\/\\\/nancyhaywood.com\\\/\"},{\"@type\":\"ListItem\",\"position\":2,\"name\":\"Shop\",\"item\":\"https:\\\/\\\/nancyhaywood.com\\\/shop\\\/\"},{\"@type\":\"ListItem\",\"position\":3,\"name\":\"I choose to live in love Tutorial DE\"}]},{\"@type\":\"WebSite\",\"@id\":\"https:\\\/\\\/nancyhaywood.com\\\/#website\",\"url\":\"https:\\\/\\\/nancyhaywood.com\\\/\",\"name\":\"nancyhaywood.com\",\"description\":\"Mantras und spirituelle Lieder auf Gitarre lernen,  Musik von Herz zu Herz\",\"potentialAction\":[{\"@type\":\"SearchAction\",\"target\":{\"@type\":\"EntryPoint\",\"urlTemplate\":\"https:\\\/\\\/nancyhaywood.com\\\/?s={search_term_string}\"},\"query-input\":{\"@type\":\"PropertyValueSpecification\",\"valueRequired\":true,\"valueName\":\"search_term_string\"}}],\"inLanguage\":\"en-GB\"}]}<\/script>\n<!-- \/ Yoast SEO plugin. -->","yoast_head_json":{"title":"I-choose-to-live-in-love-sam-garrett-gitarren-tutorial-nancy-haywood","description":"Das wundersch\u00f6ne Mantra I choose to live in love von Sam Garrett ber\u00fchrt die Herzen von vielen Menschen, lerne es auf der Gitarre zu spielen.","robots":{"index":"index","follow":"follow","max-snippet":"max-snippet:-1","max-image-preview":"max-image-preview:large","max-video-preview":"max-video-preview:-1"},"canonical":"https:\/\/nancyhaywood.com\/en\/product\/i-choose-to-live-in-love-sam-garrett-gitarren-tutorial-nancy-haywood\/","og_locale":"en_GB","og_type":"article","og_title":"I-choose-to-live-in-love-sam-garrett-gitarren-tutorial-nancy-haywood","og_description":"Das wundersch\u00f6ne Mantra I choose to live in love von Sam Garrett ber\u00fchrt die Herzen von vielen Menschen, lerne es auf der Gitarre zu spielen.","og_url":"https:\/\/nancyhaywood.com\/en\/product\/i-choose-to-live-in-love-sam-garrett-gitarren-tutorial-nancy-haywood\/","og_site_name":"nancyhaywood.com","article_modified_time":"2025-12-25T01:29:01+00:00","og_image":[{"width":1080,"height":1080,"url":"https:\/\/nancyhaywood.com\/wp-content\/uploads\/2024\/03\/Universe-Spirituality-Photography-Blue-Instagram-Post-2-1-jpg.webp","type":"image\/jpeg"}],"twitter_card":"summary_large_image","twitter_misc":{"Estimated reading time":"2 minutes"},"schema":{"@context":"https:\/\/schema.org","@graph":[{"@type":"WebPage","@id":"https:\/\/nancyhaywood.com\/produkt\/i-choose-to-live-in-love-sam-garrett-gitarren-tutorial-nancy-haywood\/","url":"https:\/\/nancyhaywood.com\/produkt\/i-choose-to-live-in-love-sam-garrett-gitarren-tutorial-nancy-haywood\/","name":"I-choose-to-live-in-love-sam-garrett-gitarren-tutorial-nancy-haywood","isPartOf":{"@id":"https:\/\/nancyhaywood.com\/#website"},"datePublished":"2024-03-27T08:48:58+00:00","dateModified":"2025-12-25T01:29:01+00:00","description":"Das wundersch\u00f6ne Mantra I choose to live in love von Sam Garrett ber\u00fchrt die Herzen von vielen Menschen, lerne es auf der Gitarre zu spielen.","breadcrumb":{"@id":"https:\/\/nancyhaywood.com\/produkt\/i-choose-to-live-in-love-sam-garrett-gitarren-tutorial-nancy-haywood\/#breadcrumb"},"inLanguage":"en-GB","potentialAction":[{"@type":"ReadAction","target":["https:\/\/nancyhaywood.com\/produkt\/i-choose-to-live-in-love-sam-garrett-gitarren-tutorial-nancy-haywood\/"]}]},{"@type":"BreadcrumbList","@id":"https:\/\/nancyhaywood.com\/produkt\/i-choose-to-live-in-love-sam-garrett-gitarren-tutorial-nancy-haywood\/#breadcrumb","itemListElement":[{"@type":"ListItem","position":1,"name":"Startseite","item":"https:\/\/nancyhaywood.com\/"},{"@type":"ListItem","position":2,"name":"Shop","item":"https:\/\/nancyhaywood.com\/shop\/"},{"@type":"ListItem","position":3,"name":"I choose to live in love Tutorial DE"}]},{"@type":"WebSite","@id":"https:\/\/nancyhaywood.com\/#website","url":"https:\/\/nancyhaywood.com\/","name":"nancyhaywood.com","description":"Mantras und spirituelle Lieder auf Gitarre lernen,  Musik von Herz zu Herz","potentialAction":[{"@type":"SearchAction","target":{"@type":"EntryPoint","urlTemplate":"https:\/\/nancyhaywood.com\/?s={search_term_string}"},"query-input":{"@type":"PropertyValueSpecification","valueRequired":true,"valueName":"search_term_string"}}],"inLanguage":"en-GB"}]}},"_links":{"self":[{"href":"https:\/\/nancyhaywood.com\/en\/wp-json\/wp\/v2\/product\/9544","targetHints":{"allow":["GET"]}}],"collection":[{"href":"https:\/\/nancyhaywood.com\/en\/wp-json\/wp\/v2\/product"}],"about":[{"href":"https:\/\/nancyhaywood.com\/en\/wp-json\/wp\/v2\/types\/product"}],"replies":[{"embeddable":true,"href":"https:\/\/nancyhaywood.com\/en\/wp-json\/wp\/v2\/comments?post=9544"}],"wp:attachment":[{"href":"https:\/\/nancyhaywood.com\/en\/wp-json\/wp\/v2\/media?parent=9544"}],"wp:term":[{"taxonomy":"product_brand","embeddable":true,"href":"https:\/\/nancyhaywood.com\/en\/wp-json\/wp\/v2\/product_brand?post=9544"},{"taxonomy":"product_cat","embeddable":true,"href":"https:\/\/nancyhaywood.com\/en\/wp-json\/wp\/v2\/product_cat?post=9544"},{"taxonomy":"product_tag","embeddable":true,"href":"https:\/\/nancyhaywood.com\/en\/wp-json\/wp\/v2\/product_tag?post=9544"}],"curies":[{"name":"wp","href":"https:\/\/api.w.org\/{rel}","templated":true}]}}